{"id":7,"date":"2015-02-02T19:38:46","date_gmt":"2015-02-02T19:38:46","guid":{"rendered":"http:\/\/theme-fusion.com\/avada_demos_xml\/cafe\/?page_id=7"},"modified":"2023-01-27T16:04:48","modified_gmt":"2023-01-27T15:04:48","slug":"startseite","status":"publish","type":"page","link":"https:\/\/www.villa-salutis.de\/notfalltraining\/","title":{"rendered":"Startseite"},"content":{"rendered":"<p><div class=\"fusion-fullwidth fullwidth-box fusion-builder-row-1 nonhundred-percent-fullwidth non-hundred-percent-height-scrolling\" style=\"--awb-background-position:left top;--awb-border-sizes-top:0px;--awb-border-sizes-bottom:0px;--awb-border-sizes-left:0px;--awb-border-sizes-right:0px;--awb-border-radius-top-left:0px;--awb-border-radius-top-right:0px;--awb-border-radius-bottom-right:0px;--awb-border-radius-bottom-left:0px;--awb-padding-top:20px;--awb-padding-right:0px;--awb-padding-bottom:20px;--awb-padding-left:0px;--awb-flex-wrap:wrap;\" ><div class=\"fusion-builder-row fusion-row\"><div class=\"fusion-layout-column fusion_builder_column fusion-builder-column-0 fusion_builder_column_1_1 1_1 fusion-one-full fusion-column-first fusion-column-last fusion-column-no-min-height\" style=\"--awb-bg-size:cover;--awb-margin-bottom:0px;\"><div class=\"fusion-column-wrapper fusion-flex-column-wrapper-legacy\"><div class=\"fusion-sep-clear\"><\/div><div class=\"fusion-separator fusion-full-width-sep\" style=\"margin-left: auto;margin-right: auto;width:100%;\"><\/div><div class=\"fusion-sep-clear\"><\/div><div class=\"fusion-clearfix\"><\/div><\/div><\/div><\/div><\/div><div class=\"fusion-fullwidth fullwidth-box fusion-builder-row-2 nonhundred-percent-fullwidth non-hundred-percent-height-scrolling\" style=\"--awb-background-position:left top;--awb-border-sizes-top:0px;--awb-border-sizes-bottom:0px;--awb-border-sizes-left:0px;--awb-border-sizes-right:0px;--awb-border-radius-top-left:0px;--awb-border-radius-top-right:0px;--awb-border-radius-bottom-right:0px;--awb-border-radius-bottom-left:0px;--awb-padding-top:40px;--awb-padding-bottom:65px;--awb-flex-wrap:wrap;\" ><div class=\"fusion-builder-row fusion-row\"><div class=\"fusion-layout-column fusion_builder_column fusion-builder-column-1 fusion_builder_column_1_2 1_2 fusion-one-half fusion-column-first\" style=\"--awb-bg-size:cover;width:48%; margin-right: 4%;\"><div class=\"fusion-column-wrapper fusion-flex-column-wrapper-legacy\"><div class=\"fusion-title title fusion-title-1 fusion-title-text fusion-title-size-one\" style=\"--awb-margin-top-small:10px;--awb-margin-right-small:0px;--awb-margin-bottom-small:10px;--awb-margin-left-small:0px;\"><h1 class=\"fusion-title-heading title-heading-left fusion-responsive-typography-calculated\" style=\"margin:0;--fontSize:34;line-height:1.41;\"><div class=\"page\" title=\"Page 2\">\n<div class=\"section\">\n<div class=\"layoutArea\">\n<div class=\"column\">\n<p>Den Notfall erkennen,<br \/>\nad\u00e4quat und schnell reagieren!<\/p>\n<\/div>\n<\/div>\n<\/div>\n<\/div><\/h1><span class=\"awb-title-spacer\"><\/span><div class=\"title-sep-container\"><div class=\"title-sep sep-single sep-solid\" style=\"border-color:#e0dede;\"><\/div><\/div><\/div><div class=\"fusion-text fusion-text-1\"><div class=\"page\" title=\"Page 2\">\n<div class=\"section\">\n<div class=\"layoutArea\">\n<div class=\"column\">\n<p>Notfallsituationen geschehen meist ungeplant in Ihrer Praxis oder auch in Ihrem Alltag. Schnell kann es passieren, dass ein Patient pl\u00f6tzlich kollabiert und schlimmstenfalls reanimationspflichtig wird.<\/p>\n<p>H\u00e4ufig sind es allergische Reaktionen, bei denen mit schnellem Handeln oft das Schlimmste einfach verhindert werden kann.<\/p>\n<p>Sollten Sie in einen Notfall geraten, k\u00f6nnen gezielte Ma\u00dfnahmen in den ersten Minuten, bis zum Eintreffen der Rettungskr\u00e4fte, entscheidend sein.<\/p>\n<\/div>\n<\/div>\n<\/div>\n<\/div>\n<\/div><div class=\"fusion-clearfix\"><\/div><\/div><\/div><div class=\"fusion-layout-column fusion_builder_column fusion-builder-column-2 fusion_builder_column_1_2 1_2 fusion-one-half fusion-column-last\" style=\"--awb-bg-size:cover;width:48%;\"><div class=\"fusion-column-wrapper fusion-flex-column-wrapper-legacy\"><div class=\"fusion-image-element fusion-image-align-center in-legacy-container\" style=\"text-align:center;--awb-caption-title-font-family:var(--h2_typography-font-family);--awb-caption-title-font-weight:var(--h2_typography-font-weight);--awb-caption-title-font-style:var(--h2_typography-font-style);--awb-caption-title-size:var(--h2_typography-font-size);--awb-caption-title-transform:var(--h2_typography-text-transform);--awb-caption-title-line-height:var(--h2_typography-line-height);--awb-caption-title-letter-spacing:var(--h2_typography-letter-spacing);\"><div class=\"imageframe-align-center\"><span class=\" fusion-imageframe imageframe-none imageframe-1 hover-type-none\"><a class=\"fusion-no-lightbox\" href=\"https:\/\/www.villa-salutis.de\/notfalltraining\/wp-content\/uploads\/sites\/4\/2019\/06\/vs_notfall_web.pdf\" target=\"_blank\" rel=\"noopener noreferrer\"><img decoding=\"async\" alt=\"Villa Salutis\" src=\"https:\/\/www.villa-salutis.de\/notfalltr\/wp-content\/uploads\/sites\/4\/2019\/06\/flyervorschau.jpg\" class=\"img-responsive\"\/><\/a><\/span><\/div><\/div><div class=\"fusion-text fusion-text-2\"><p style=\"text-align: center;\"><a href=\"https:\/\/www.villa-salutis.de\/notfalltraining\/wp-content\/uploads\/sites\/4\/2019\/06\/vs_notfall_web.pdf\" target=\"_blank\" rel=\"noopener noreferrer\">Download Flyer<\/a><\/p>\n<\/div><div class=\"fusion-clearfix\"><\/div><\/div><\/div><\/div><\/div><div class=\"fusion-fullwidth fullwidth-box fusion-builder-row-3 nonhundred-percent-fullwidth non-hundred-percent-height-scrolling\" style=\"--awb-background-position:left top;--awb-border-sizes-top:0px;--awb-border-sizes-bottom:0px;--awb-border-sizes-left:0px;--awb-border-sizes-right:0px;--awb-border-radius-top-left:0px;--awb-border-radius-top-right:0px;--awb-border-radius-bottom-right:0px;--awb-border-radius-bottom-left:0px;--awb-padding-top:20px;--awb-padding-bottom:20px;--awb-flex-wrap:wrap;\" ><div class=\"fusion-builder-row fusion-row\"><div class=\"fusion-layout-column fusion_builder_column fusion-builder-column-3 fusion_builder_column_1_1 1_1 fusion-one-full fusion-column-first fusion-column-last fusion-column-no-min-height\" style=\"--awb-bg-size:cover;--awb-margin-bottom:0px;\"><div class=\"fusion-column-wrapper fusion-flex-column-wrapper-legacy\"><div class=\"fusion-text fusion-text-3\"><p style=\"text-align: center;\"><span style=\"text-transform: uppercase; font-size: 32px; line-height: 48px; color: ##e10707; font-family: 'Unica One', Arial, Helvetica, sans-serif !important;\">Kontaktieren Sie uns. Wir helfen gerne WEITER.<\/span><\/p>\n<\/div><div class=\"fusion-clearfix\"><\/div><\/div><\/div><\/div><\/div><div class=\"fusion-fullwidth fullwidth-box fusion-builder-row-4 nonhundred-percent-fullwidth non-hundred-percent-height-scrolling\" style=\"--awb-background-position:left top;--awb-border-sizes-top:0px;--awb-border-sizes-bottom:0px;--awb-border-sizes-left:0px;--awb-border-sizes-right:0px;--awb-border-radius-top-left:0px;--awb-border-radius-top-right:0px;--awb-border-radius-bottom-right:0px;--awb-border-radius-bottom-left:0px;--awb-padding-top:10px;--awb-padding-right:3%;--awb-padding-bottom:0px;--awb-padding-left:3%;--awb-flex-wrap:wrap;\" ><div class=\"fusion-builder-row fusion-row\"><div class=\"fusion-layout-column fusion_builder_column fusion-builder-column-4 fusion_builder_column_1_3 1_3 fusion-one-third fusion-column-first\" style=\"--awb-bg-size:cover;width:30.6666%; margin-right: 4%;\"><div class=\"fusion-column-wrapper fusion-flex-column-wrapper-legacy\"><div class=\"fusion-content-boxes content-boxes columns row fusion-columns-1 fusion-columns-total-1 fusion-content-boxes-1 content-boxes-icon-on-top content-left\" style=\"--awb-hover-accent-color:#e10707;--awb-circle-hover-accent-color:#e10707;--awb-item-margin-bottom:40px;\" data-animationOffset=\"top-into-view\"><div style=\"--awb-backgroundcolor:#efefef;\" class=\"fusion-column content-box-column content-box-column content-box-column-1 col-lg-12 col-md-12 col-sm-12 fusion-content-box-hover content-box-column-last content-box-column-last-in-row\"><div class=\"col content-box-wrapper content-wrapper-background link-area-box icon-hover-animation-none\" data-animationOffset=\"top-into-view\"><div class=\"heading heading-with-icon icon-left\"><div class=\"icon\"><i style=\"border-color:#e10707;border-width:1px;background-color:#e10707;box-sizing:content-box;height:42px;width:42px;line-height:42px;border-radius:50%;font-size:21px;\" aria-hidden=\"true\" class=\"fontawesome-icon fa-envelope far circle-yes\"><\/i><\/div><h2 class=\"content-box-heading fusion-responsive-typography-calculated\" style=\"--h2_typography-font-size:18px;--fontSize:18;line-height:1.07;\">E-MAIL ADRESSE<\/h2><\/div><div class=\"fusion-clearfix\"><\/div><div class=\"content-container\">\n<p>Sie erreichen uns zu den gewohnten<br \/>\nArbeitszeiten per E-Mail unter<br \/>\n\u201e<a href=\"mailto:info@villa-salutis.de\">info@villa-salutis.de<\/a>\u201c<\/p>\n<\/div><\/div><\/div><div class=\"fusion-clearfix\"><\/div><\/div><div class=\"fusion-clearfix\"><\/div><\/div><\/div><div class=\"fusion-layout-column fusion_builder_column fusion-builder-column-5 fusion_builder_column_1_3 1_3 fusion-one-third\" style=\"--awb-bg-size:cover;width:30.6666%; margin-right: 4%;\"><div class=\"fusion-column-wrapper fusion-flex-column-wrapper-legacy\"><div class=\"fusion-content-boxes content-boxes columns row fusion-columns-1 fusion-columns-total-1 fusion-content-boxes-2 content-boxes-icon-on-top content-left\" style=\"--awb-iconcolor:#ffffff;--awb-hover-accent-color:#e10707;--awb-circle-hover-accent-color:#e10707;--awb-item-margin-bottom:40px;\" data-animationOffset=\"top-into-view\"><div style=\"--awb-backgroundcolor:#efefef;--awb-iconcolor:#ffffff;\" class=\"fusion-column content-box-column content-box-column content-box-column-1 col-lg-12 col-md-12 col-sm-12 fusion-content-box-hover content-box-column-last content-box-column-last-in-row\"><div class=\"col content-box-wrapper content-wrapper-background link-area-box icon-hover-animation-none\" data-animationOffset=\"top-into-view\"><div class=\"heading heading-with-icon icon-left\"><div class=\"icon\"><i style=\"border-color:#e10707;border-width:1px;background-color:#e10707;box-sizing:content-box;height:42px;width:42px;line-height:42px;border-radius:50%;font-size:21px;\" aria-hidden=\"true\" class=\"fontawesome-icon fa-university fas circle-yes\"><\/i><\/div><h2 class=\"content-box-heading fusion-responsive-typography-calculated\" style=\"--h2_typography-font-size:18px;--fontSize:18;line-height:1.07;\">Adresse<\/h2><\/div><div class=\"fusion-clearfix\"><\/div><div class=\"content-container\">\n<p><span style=\"color: #4f4f4f;\">Villa Salutis<br \/>\nWillhelmshofallee 77<br \/>\n47800 Krefeld<\/span><\/p>\n<\/div><\/div><\/div><div class=\"fusion-clearfix\"><\/div><\/div><div class=\"fusion-clearfix\"><\/div><\/div><\/div><div class=\"fusion-layout-column fusion_builder_column fusion-builder-column-6 fusion_builder_column_1_3 1_3 fusion-one-third fusion-column-last\" style=\"--awb-bg-size:cover;width:30.6666%;\"><div class=\"fusion-column-wrapper fusion-flex-column-wrapper-legacy\"><div class=\"fusion-content-boxes content-boxes columns row fusion-columns-1 fusion-columns-total-1 fusion-content-boxes-3 content-boxes-icon-on-top content-left\" style=\"--awb-iconcolor:#ffffff;--awb-hover-accent-color:#e10707;--awb-circle-hover-accent-color:#e10707;--awb-item-margin-bottom:40px;\" data-animationOffset=\"top-into-view\"><div style=\"--awb-backgroundcolor:#efefef;--awb-iconcolor:#ffffff;\" class=\"fusion-column content-box-column content-box-column content-box-column-1 col-lg-12 col-md-12 col-sm-12 fusion-content-box-hover content-box-column-last content-box-column-last-in-row\"><div class=\"col content-box-wrapper content-wrapper-background link-area-box icon-hover-animation-none\" data-animationOffset=\"top-into-view\"><div class=\"heading heading-with-icon icon-left\"><div class=\"icon\"><i style=\"border-color:#e10707;border-width:1px;background-color:#e10707;box-sizing:content-box;height:42px;width:42px;line-height:42px;border-radius:50%;font-size:21px;\" aria-hidden=\"true\" class=\"fontawesome-icon fa-phone fas circle-yes\"><\/i><\/div><h2 class=\"content-box-heading fusion-responsive-typography-calculated\" style=\"--h2_typography-font-size:18px;--fontSize:18;line-height:1.07;\">Kontakt<\/h2><\/div><div class=\"fusion-clearfix\"><\/div><div class=\"content-container\">\n<p>Sie haben fachliche Fragen?<br \/>\nKein Problem, schicken Sie uns eine Mail.<br \/>\nWir stellen den pers\u00f6nlichen Kontakt her.<\/p>\n<\/div><\/div><\/div><div class=\"fusion-clearfix\"><\/div><\/div><div class=\"fusion-clearfix\"><\/div><\/div><\/div><div class=\"fusion-layout-column fusion_builder_column fusion-builder-column-7 fusion_builder_column_1_1 1_1 fusion-one-full fusion-column-first fusion-column-last fusion-column-no-min-height\" style=\"--awb-bg-size:cover;--awb-margin-bottom:0px;\"><div class=\"fusion-column-wrapper fusion-flex-column-wrapper-legacy\"><div class=\"fusion-sep-clear\"><\/div><div class=\"fusion-separator fusion-full-width-sep\" style=\"margin-left: auto;margin-right: auto;margin-top:40px;width:100%;\"><\/div><div class=\"fusion-sep-clear\"><\/div><div class=\"fusion-clearfix\"><\/div><\/div><\/div><\/div><\/div><\/p>\n","protected":false},"excerpt":{"rendered":"","protected":false},"author":3,"featured_media":0,"parent":0,"menu_order":0,"comment_status":"closed","ping_status":"open","template":"100-width.php","meta":{"footnotes":""},"class_list":["post-7","page","type-page","status-publish","hentry"],"yoast_head":"<!-- This site is optimized with the Yoast SEO Premium plugin v27.3 (Yoast SEO v27.3) - https:\/\/yoast.com\/product\/yoast-seo-premium-wordpress\/ -->\n<title>Startseite - Notfalltraining Villa Salutis<\/title>\n<meta name=\"description\" content=\"Das Ausbildungszentrum Villa Salutis in Krefeld stellt sich vor. Die Schule hat sich seit \u00fcber 20 Jahren mit einer hohen Bestehensquote etabliert.\" \/>\n<meta name=\"robots\" content=\"index, follow, max-snippet:-1, max-image-preview:large, max-video-preview:-1\" \/>\n<link rel=\"canonical\" href=\"https:\/\/www.villa-salutis.de\/notfalltraining\/\" \/>\n<meta property=\"og:locale\" content=\"de_DE\" \/>\n<meta property=\"og:type\" content=\"article\" \/>\n<meta property=\"og:title\" content=\"Startseite\" \/>\n<meta property=\"og:description\" content=\"Das Ausbildungszentrum Villa Salutis in Krefeld stellt sich vor. Die Schule hat sich seit \u00fcber 20 Jahren mit einer hohen Bestehensquote etabliert.\" \/>\n<meta property=\"og:url\" content=\"https:\/\/www.villa-salutis.de\/notfalltraining\/\" \/>\n<meta property=\"og:site_name\" content=\"Notfalltraining Villa Salutis\" \/>\n<meta property=\"article:modified_time\" content=\"2023-01-27T15:04:48+00:00\" \/>\n<meta property=\"og:image\" content=\"https:\/\/www.villa-salutis.de\/notfalltr\/wp-content\/uploads\/sites\/4\/2019\/06\/flyervorschau.jpg\" \/>\n<meta name=\"twitter:card\" content=\"summary_large_image\" \/>\n<meta name=\"twitter:label1\" content=\"Gesch\u00e4tzte Lesezeit\" \/>\n\t<meta name=\"twitter:data1\" content=\"5\u00a0Minuten\" \/>\n<script type=\"application\/ld+json\" class=\"yoast-schema-graph\">{\"@context\":\"https:\\\/\\\/schema.org\",\"@graph\":[{\"@type\":\"WebPage\",\"@id\":\"https:\\\/\\\/www.villa-salutis.de\\\/notfalltraining\\\/\",\"url\":\"https:\\\/\\\/www.villa-salutis.de\\\/notfalltraining\\\/\",\"name\":\"Startseite - Notfalltraining Villa Salutis\",\"isPartOf\":{\"@id\":\"https:\\\/\\\/www.villa-salutis.de\\\/notfalltraining\\\/#website\"},\"primaryImageOfPage\":{\"@id\":\"https:\\\/\\\/www.villa-salutis.de\\\/notfalltraining\\\/#primaryimage\"},\"image\":{\"@id\":\"https:\\\/\\\/www.villa-salutis.de\\\/notfalltraining\\\/#primaryimage\"},\"thumbnailUrl\":\"https:\\\/\\\/www.villa-salutis.de\\\/notfalltr\\\/wp-content\\\/uploads\\\/sites\\\/4\\\/2019\\\/06\\\/flyervorschau.jpg\",\"datePublished\":\"2015-02-02T19:38:46+00:00\",\"dateModified\":\"2023-01-27T15:04:48+00:00\",\"description\":\"Das Ausbildungszentrum Villa Salutis in Krefeld stellt sich vor. Die Schule hat sich seit \u00fcber 20 Jahren mit einer hohen Bestehensquote etabliert.\",\"breadcrumb\":{\"@id\":\"https:\\\/\\\/www.villa-salutis.de\\\/notfalltraining\\\/#breadcrumb\"},\"inLanguage\":\"de\",\"potentialAction\":[{\"@type\":\"ReadAction\",\"target\":[\"https:\\\/\\\/www.villa-salutis.de\\\/notfalltraining\\\/\"]}]},{\"@type\":\"ImageObject\",\"inLanguage\":\"de\",\"@id\":\"https:\\\/\\\/www.villa-salutis.de\\\/notfalltraining\\\/#primaryimage\",\"url\":\"https:\\\/\\\/www.villa-salutis.de\\\/notfalltr\\\/wp-content\\\/uploads\\\/sites\\\/4\\\/2019\\\/06\\\/flyervorschau.jpg\",\"contentUrl\":\"https:\\\/\\\/www.villa-salutis.de\\\/notfalltr\\\/wp-content\\\/uploads\\\/sites\\\/4\\\/2019\\\/06\\\/flyervorschau.jpg\"},{\"@type\":\"BreadcrumbList\",\"@id\":\"https:\\\/\\\/www.villa-salutis.de\\\/notfalltraining\\\/#breadcrumb\",\"itemListElement\":[{\"@type\":\"ListItem\",\"position\":1,\"name\":\"Startseite\",\"item\":\"https:\\\/\\\/www.villa-salutis.de\\\/notfalltraining\\\/\"},{\"@type\":\"ListItem\",\"position\":2,\"name\":\"Startseite\"}]},{\"@type\":\"WebSite\",\"@id\":\"https:\\\/\\\/www.villa-salutis.de\\\/notfalltraining\\\/#website\",\"url\":\"https:\\\/\\\/www.villa-salutis.de\\\/notfalltraining\\\/\",\"name\":\"Notfalltraining Villa Salutis\",\"description\":\"Seminar Notfallmedizin\",\"potentialAction\":[{\"@type\":\"SearchAction\",\"target\":{\"@type\":\"EntryPoint\",\"urlTemplate\":\"https:\\\/\\\/www.villa-salutis.de\\\/notfalltraining\\\/?s={search_term_string}\"},\"query-input\":{\"@type\":\"PropertyValueSpecification\",\"valueRequired\":true,\"valueName\":\"search_term_string\"}}],\"inLanguage\":\"de\"}]}<\/script>\n<!-- \/ Yoast SEO Premium plugin. -->","yoast_head_json":{"title":"Startseite - Notfalltraining Villa Salutis","description":"Das Ausbildungszentrum Villa Salutis in Krefeld stellt sich vor. Die Schule hat sich seit \u00fcber 20 Jahren mit einer hohen Bestehensquote etabliert.","robots":{"index":"index","follow":"follow","max-snippet":"max-snippet:-1","max-image-preview":"max-image-preview:large","max-video-preview":"max-video-preview:-1"},"canonical":"https:\/\/www.villa-salutis.de\/notfalltraining\/","og_locale":"de_DE","og_type":"article","og_title":"Startseite","og_description":"Das Ausbildungszentrum Villa Salutis in Krefeld stellt sich vor. Die Schule hat sich seit \u00fcber 20 Jahren mit einer hohen Bestehensquote etabliert.","og_url":"https:\/\/www.villa-salutis.de\/notfalltraining\/","og_site_name":"Notfalltraining Villa Salutis","article_modified_time":"2023-01-27T15:04:48+00:00","og_image":[{"url":"https:\/\/www.villa-salutis.de\/notfalltr\/wp-content\/uploads\/sites\/4\/2019\/06\/flyervorschau.jpg","type":"","width":"","height":""}],"twitter_card":"summary_large_image","twitter_misc":{"Gesch\u00e4tzte Lesezeit":"5\u00a0Minuten"},"schema":{"@context":"https:\/\/schema.org","@graph":[{"@type":"WebPage","@id":"https:\/\/www.villa-salutis.de\/notfalltraining\/","url":"https:\/\/www.villa-salutis.de\/notfalltraining\/","name":"Startseite - Notfalltraining Villa Salutis","isPartOf":{"@id":"https:\/\/www.villa-salutis.de\/notfalltraining\/#website"},"primaryImageOfPage":{"@id":"https:\/\/www.villa-salutis.de\/notfalltraining\/#primaryimage"},"image":{"@id":"https:\/\/www.villa-salutis.de\/notfalltraining\/#primaryimage"},"thumbnailUrl":"https:\/\/www.villa-salutis.de\/notfalltr\/wp-content\/uploads\/sites\/4\/2019\/06\/flyervorschau.jpg","datePublished":"2015-02-02T19:38:46+00:00","dateModified":"2023-01-27T15:04:48+00:00","description":"Das Ausbildungszentrum Villa Salutis in Krefeld stellt sich vor. Die Schule hat sich seit \u00fcber 20 Jahren mit einer hohen Bestehensquote etabliert.","breadcrumb":{"@id":"https:\/\/www.villa-salutis.de\/notfalltraining\/#breadcrumb"},"inLanguage":"de","potentialAction":[{"@type":"ReadAction","target":["https:\/\/www.villa-salutis.de\/notfalltraining\/"]}]},{"@type":"ImageObject","inLanguage":"de","@id":"https:\/\/www.villa-salutis.de\/notfalltraining\/#primaryimage","url":"https:\/\/www.villa-salutis.de\/notfalltr\/wp-content\/uploads\/sites\/4\/2019\/06\/flyervorschau.jpg","contentUrl":"https:\/\/www.villa-salutis.de\/notfalltr\/wp-content\/uploads\/sites\/4\/2019\/06\/flyervorschau.jpg"},{"@type":"BreadcrumbList","@id":"https:\/\/www.villa-salutis.de\/notfalltraining\/#breadcrumb","itemListElement":[{"@type":"ListItem","position":1,"name":"Startseite","item":"https:\/\/www.villa-salutis.de\/notfalltraining\/"},{"@type":"ListItem","position":2,"name":"Startseite"}]},{"@type":"WebSite","@id":"https:\/\/www.villa-salutis.de\/notfalltraining\/#website","url":"https:\/\/www.villa-salutis.de\/notfalltraining\/","name":"Notfalltraining Villa Salutis","description":"Seminar Notfallmedizin","potentialAction":[{"@type":"SearchAction","target":{"@type":"EntryPoint","urlTemplate":"https:\/\/www.villa-salutis.de\/notfalltraining\/?s={search_term_string}"},"query-input":{"@type":"PropertyValueSpecification","valueRequired":true,"valueName":"search_term_string"}}],"inLanguage":"de"}]}},"_links":{"self":[{"href":"https:\/\/www.villa-salutis.de\/notfalltraining\/wp-json\/wp\/v2\/pages\/7","targetHints":{"allow":["GET"]}}],"collection":[{"href":"https:\/\/www.villa-salutis.de\/notfalltraining\/wp-json\/wp\/v2\/pages"}],"about":[{"href":"https:\/\/www.villa-salutis.de\/notfalltraining\/wp-json\/wp\/v2\/types\/page"}],"author":[{"embeddable":true,"href":"https:\/\/www.villa-salutis.de\/notfalltraining\/wp-json\/wp\/v2\/users\/3"}],"replies":[{"embeddable":true,"href":"https:\/\/www.villa-salutis.de\/notfalltraining\/wp-json\/wp\/v2\/comments?post=7"}],"version-history":[{"count":2,"href":"https:\/\/www.villa-salutis.de\/notfalltraining\/wp-json\/wp\/v2\/pages\/7\/revisions"}],"predecessor-version":[{"id":4017,"href":"https:\/\/www.villa-salutis.de\/notfalltraining\/wp-json\/wp\/v2\/pages\/7\/revisions\/4017"}],"wp:attachment":[{"href":"https:\/\/www.villa-salutis.de\/notfalltraining\/wp-json\/wp\/v2\/media?parent=7"}],"curies":[{"name":"wp","href":"https:\/\/api.w.org\/{rel}","templated":true}]}}