{"id":3835,"date":"2019-07-04T08:31:19","date_gmt":"2019-07-04T06:31:19","guid":{"rendered":"https:\/\/www.villa-salutis.de\/notfalltr\/?page_id=3835"},"modified":"2023-01-17T11:11:59","modified_gmt":"2023-01-17T10:11:59","slug":"seminarnotfallmedizinfuerpraxen","status":"publish","type":"page","link":"https:\/\/www.villa-salutis.de\/notfalltraining\/seminarnotfallmedizinfuerpraxen\/","title":{"rendered":"Seminar Notfallmedizin f\u00fcr Praxen"},"content":{"rendered":"<div class=\"fusion-fullwidth fullwidth-box fusion-builder-row-1 nonhundred-percent-fullwidth non-hundred-percent-height-scrolling\" style=\"--awb-background-position:left top;--awb-border-sizes-top:0px;--awb-border-sizes-bottom:0px;--awb-border-sizes-left:0px;--awb-border-sizes-right:0px;--awb-border-radius-top-left:0px;--awb-border-radius-top-right:0px;--awb-border-radius-bottom-right:0px;--awb-border-radius-bottom-left:0px;--awb-padding-top:20px;--awb-padding-right:0px;--awb-padding-bottom:20px;--awb-padding-left:0px;--awb-flex-wrap:wrap;\" ><div class=\"fusion-builder-row fusion-row\"><div class=\"fusion-layout-column fusion_builder_column fusion-builder-column-0 fusion_builder_column_2_3 2_3 fusion-two-third fusion-column-first\" style=\"--awb-bg-size:cover;width:65.3333%; margin-right: 4%;\"><div class=\"fusion-column-wrapper fusion-flex-column-wrapper-legacy\"><div class=\"fusion-title title fusion-title-1 fusion-title-text fusion-title-size-one\" style=\"--awb-margin-top-small:10px;--awb-margin-right-small:0px;--awb-margin-bottom-small:10px;--awb-margin-left-small:0px;\"><h1 class=\"fusion-title-heading title-heading-left fusion-responsive-typography-calculated\" style=\"margin:0;--fontSize:34;line-height:1.41;\"><span style=\"color: #ff0000;\">Seminar<\/span> Notfallmedizin f\u00fcr Praxen<\/h1><span class=\"awb-title-spacer\"><\/span><div class=\"title-sep-container\"><div class=\"title-sep sep-single sep-solid\" style=\"border-color:#e0dede;\"><\/div><\/div><\/div><div class=\"fusion-title title fusion-title-2 fusion-sep-none fusion-title-text fusion-title-size-four\" style=\"--awb-margin-top-small:10px;--awb-margin-right-small:0px;--awb-margin-bottom-small:10px;--awb-margin-left-small:0px;\"><h4 class=\"fusion-title-heading title-heading-left fusion-responsive-typography-calculated\" style=\"margin:0;--fontSize:18;--minFontSize:18;line-height:1.33;\">Tagesseminar f\u00fcr Praxisteams (medizinische FA, etc.) in der Villa Salutis<\/h4><\/div><div class=\"fusion-text fusion-text-1\"><p>14.30 &#8211; 18.00 (4 UE)<\/p>\n<p>Megacodetraining mit modernen Reanimationspuppen inkl. AED Training<\/p>\n<p>Atemwegssicherung und \u00a0Hilfe bei der Etablierung eines iv Zugangs<\/p>\n<p>Richtiger Umgang mit Notfallsituationen in der Praxis mit den g\u00e4ngigsten Notf\u00e4llen wie<\/p>\n<ul>\n<li>Schlaganfall (Apoplex)<\/li>\n<li>Krampfanfall<\/li>\n<li>Unterzuckerung (Hypoglyk\u00e4mie)<\/li>\n<li>Herzinfarkt (ACS)<\/li>\n<li>Synkope<\/li>\n<li>Herzkreislaufstillstand<\/li>\n<\/ul>\n<p>Was ist im Falle von g\u00e4ngigen Notf\u00e4llen zu tun, angefangen von Erstma\u00dfnahmen bis hin zur strukturierten Alarmierung und Zusammenarbeit mit dem Rettungsdienst.<\/p>\n<p>Da solche F\u00e4lle selten auftreten ist es um so wichtiger Arbeitsabl\u00e4ufe standardisiert\u00a0 und die richtige Praxisausstattung zu haben&#8230;<\/p>\n<p>Wir zeigen Ihnen wie es geht!<\/p>\n<p>nach Terminvereinbarung<br \/>\n649,- \u20ac mind. 8 Personen<br \/>\n+ 80,- \u20ac f\u00fcr jede weitere Person<\/p>\n<\/div><div class=\"fusion-sep-clear\"><\/div><div class=\"fusion-separator fusion-full-width-sep\" style=\"margin-left: auto;margin-right: auto;margin-top:30px;width:100%;\"><\/div><div class=\"fusion-sep-clear\"><\/div><div class=\"fusion-title title fusion-title-3 fusion-sep-none fusion-title-text fusion-title-size-four\" style=\"--awb-margin-top-small:10px;--awb-margin-right-small:0px;--awb-margin-bottom-small:10px;--awb-margin-left-small:0px;\"><h4 class=\"fusion-title-heading title-heading-left fusion-responsive-typography-calculated\" style=\"margin:0;--fontSize:18;--minFontSize:18;line-height:1.33;\">alternativ als In-House-Seminar in Ihren R\u00e4umlichkeiten<\/h4><\/div><div class=\"fusion-text fusion-text-2\"><p>zzgl. Anfahrtpauschale bei In-House-Seminar (bitte erfragen)<\/p>\n<\/div><div class=\"fusion-clearfix\"><\/div><\/div><\/div><div class=\"fusion-layout-column fusion_builder_column fusion-builder-column-1 fusion_builder_column_1_3 1_3 fusion-one-third fusion-column-last\" style=\"--awb-bg-size:cover;width:30.6666%;\"><div class=\"fusion-column-wrapper fusion-flex-column-wrapper-legacy\"><div class=\"fusion-text fusion-text-3\"><p>Bitte informieren Sie sich \u00fcber die angebotenen Termine im <a href=\"https:\/\/www.villa-salutis.de\/notfalltraining\/kalender\/\">Kalender<\/a>. Wir w\u00fcrden uns freuen, wenn Sie sich f\u00fcr ein Seminar bei uns entscheiden und sich \u00fcber das <a href=\"https:\/\/www.villa-salutis.de\/notfalltraining\/anmeldung\/\">Anmeldeformular<\/a> anmelden.<\/p>\n<p>Wir bieten auch f\u00fcr Ihre Praxis oder Ihre Firma In-House-Schulungen an. Bitte kontaktieren Sie uns dazu \u00fcber unser <a href=\"https:\/\/www.villa-salutis.de\/notfalltraining\/kontakt\/\">Kontaktformular<\/a> und wir erstellen Ihnen ein individuelles Angebot.<\/p>\n<p>Wenn Sie Fragen haben oder sich f\u00fcr ein Seminar erstmal vormerken lassen wollen, schreiben sie uns bitte \u00fcber das <a href=\"https:\/\/www.villa-salutis.de\/notfalltraining\/kontakt\/\">Kontaktformular<\/a>.<\/p>\n<\/div><div class=\"fusion-button-wrapper\"><a class=\"fusion-button button-flat fusion-button-default-size button-default fusion-button-default button-1 fusion-button-default-span fusion-button-default-type\" target=\"_self\" title=\"Zum Terminkalender\" aria-label=\"Zum Terminkalender\" href=\"\/notfalltraining\/kalender\/\"><span class=\"fusion-button-text awb-button__text awb-button__text--default\">Zum Terminkalender<\/span><\/a><\/div><div class=\"fusion-button-wrapper\"><a class=\"fusion-button button-flat fusion-button-default-size button-default fusion-button-default button-2 fusion-button-default-span fusion-button-default-type\" target=\"_self\" title=\"Zur Anmeldung\" aria-label=\"Zur Anmeldung\" href=\"\/notfalltraining\/anmeldung\/\"><span class=\"fusion-button-text awb-button__text awb-button__text--default\">Zur Anmeldung<\/span><\/a><\/div><div class=\"fusion-clearfix\"><\/div><\/div><\/div><\/div><\/div>\n","protected":false},"excerpt":{"rendered":"","protected":false},"author":3,"featured_media":0,"parent":0,"menu_order":0,"comment_status":"closed","ping_status":"closed","template":"","meta":{"footnotes":""},"class_list":["post-3835","page","type-page","status-publish","hentry"],"yoast_head":"<!-- This site is optimized with the Yoast SEO Premium plugin v27.3 (Yoast SEO v27.3) - https:\/\/yoast.com\/product\/yoast-seo-premium-wordpress\/ -->\n<title>Seminar Notfallmedizin f\u00fcr Praxen - Notfalltraining Villa Salutis<\/title>\n<meta name=\"robots\" content=\"index, follow, max-snippet:-1, max-image-preview:large, max-video-preview:-1\" \/>\n<link rel=\"canonical\" href=\"https:\/\/www.villa-salutis.de\/notfalltraining\/seminarnotfallmedizinfuerpraxen\/\" \/>\n<meta property=\"og:locale\" content=\"de_DE\" \/>\n<meta property=\"og:type\" content=\"article\" \/>\n<meta property=\"og:title\" content=\"Seminar Notfallmedizin f\u00fcr Praxen\" \/>\n<meta property=\"og:url\" content=\"https:\/\/www.villa-salutis.de\/notfalltraining\/seminarnotfallmedizinfuerpraxen\/\" \/>\n<meta property=\"og:site_name\" content=\"Notfalltraining Villa Salutis\" \/>\n<meta property=\"article:modified_time\" content=\"2023-01-17T10:11:59+00:00\" \/>\n<meta name=\"twitter:card\" content=\"summary_large_image\" \/>\n<meta name=\"twitter:label1\" content=\"Gesch\u00e4tzte Lesezeit\" \/>\n\t<meta name=\"twitter:data1\" content=\"3\u00a0Minuten\" \/>\n<script type=\"application\/ld+json\" class=\"yoast-schema-graph\">{\"@context\":\"https:\\\/\\\/schema.org\",\"@graph\":[{\"@type\":\"WebPage\",\"@id\":\"https:\\\/\\\/www.villa-salutis.de\\\/notfalltraining\\\/seminarnotfallmedizinfuerpraxen\\\/\",\"url\":\"https:\\\/\\\/www.villa-salutis.de\\\/notfalltraining\\\/seminarnotfallmedizinfuerpraxen\\\/\",\"name\":\"Seminar Notfallmedizin f\u00fcr Praxen - Notfalltraining Villa Salutis\",\"isPartOf\":{\"@id\":\"https:\\\/\\\/www.villa-salutis.de\\\/notfalltraining\\\/#website\"},\"datePublished\":\"2019-07-04T06:31:19+00:00\",\"dateModified\":\"2023-01-17T10:11:59+00:00\",\"breadcrumb\":{\"@id\":\"https:\\\/\\\/www.villa-salutis.de\\\/notfalltraining\\\/seminarnotfallmedizinfuerpraxen\\\/#breadcrumb\"},\"inLanguage\":\"de\",\"potentialAction\":[{\"@type\":\"ReadAction\",\"target\":[\"https:\\\/\\\/www.villa-salutis.de\\\/notfalltraining\\\/seminarnotfallmedizinfuerpraxen\\\/\"]}]},{\"@type\":\"BreadcrumbList\",\"@id\":\"https:\\\/\\\/www.villa-salutis.de\\\/notfalltraining\\\/seminarnotfallmedizinfuerpraxen\\\/#breadcrumb\",\"itemListElement\":[{\"@type\":\"ListItem\",\"position\":1,\"name\":\"Startseite\",\"item\":\"https:\\\/\\\/www.villa-salutis.de\\\/notfalltraining\\\/\"},{\"@type\":\"ListItem\",\"position\":2,\"name\":\"Seminar Notfallmedizin f\u00fcr Praxen\"}]},{\"@type\":\"WebSite\",\"@id\":\"https:\\\/\\\/www.villa-salutis.de\\\/notfalltraining\\\/#website\",\"url\":\"https:\\\/\\\/www.villa-salutis.de\\\/notfalltraining\\\/\",\"name\":\"Notfalltraining Villa Salutis\",\"description\":\"Seminar Notfallmedizin\",\"potentialAction\":[{\"@type\":\"SearchAction\",\"target\":{\"@type\":\"EntryPoint\",\"urlTemplate\":\"https:\\\/\\\/www.villa-salutis.de\\\/notfalltraining\\\/?s={search_term_string}\"},\"query-input\":{\"@type\":\"PropertyValueSpecification\",\"valueRequired\":true,\"valueName\":\"search_term_string\"}}],\"inLanguage\":\"de\"}]}<\/script>\n<!-- \/ Yoast SEO Premium plugin. -->","yoast_head_json":{"title":"Seminar Notfallmedizin f\u00fcr Praxen - Notfalltraining Villa Salutis","robots":{"index":"index","follow":"follow","max-snippet":"max-snippet:-1","max-image-preview":"max-image-preview:large","max-video-preview":"max-video-preview:-1"},"canonical":"https:\/\/www.villa-salutis.de\/notfalltraining\/seminarnotfallmedizinfuerpraxen\/","og_locale":"de_DE","og_type":"article","og_title":"Seminar Notfallmedizin f\u00fcr Praxen","og_url":"https:\/\/www.villa-salutis.de\/notfalltraining\/seminarnotfallmedizinfuerpraxen\/","og_site_name":"Notfalltraining Villa Salutis","article_modified_time":"2023-01-17T10:11:59+00:00","twitter_card":"summary_large_image","twitter_misc":{"Gesch\u00e4tzte Lesezeit":"3\u00a0Minuten"},"schema":{"@context":"https:\/\/schema.org","@graph":[{"@type":"WebPage","@id":"https:\/\/www.villa-salutis.de\/notfalltraining\/seminarnotfallmedizinfuerpraxen\/","url":"https:\/\/www.villa-salutis.de\/notfalltraining\/seminarnotfallmedizinfuerpraxen\/","name":"Seminar Notfallmedizin f\u00fcr Praxen - Notfalltraining Villa Salutis","isPartOf":{"@id":"https:\/\/www.villa-salutis.de\/notfalltraining\/#website"},"datePublished":"2019-07-04T06:31:19+00:00","dateModified":"2023-01-17T10:11:59+00:00","breadcrumb":{"@id":"https:\/\/www.villa-salutis.de\/notfalltraining\/seminarnotfallmedizinfuerpraxen\/#breadcrumb"},"inLanguage":"de","potentialAction":[{"@type":"ReadAction","target":["https:\/\/www.villa-salutis.de\/notfalltraining\/seminarnotfallmedizinfuerpraxen\/"]}]},{"@type":"BreadcrumbList","@id":"https:\/\/www.villa-salutis.de\/notfalltraining\/seminarnotfallmedizinfuerpraxen\/#breadcrumb","itemListElement":[{"@type":"ListItem","position":1,"name":"Startseite","item":"https:\/\/www.villa-salutis.de\/notfalltraining\/"},{"@type":"ListItem","position":2,"name":"Seminar Notfallmedizin f\u00fcr Praxen"}]},{"@type":"WebSite","@id":"https:\/\/www.villa-salutis.de\/notfalltraining\/#website","url":"https:\/\/www.villa-salutis.de\/notfalltraining\/","name":"Notfalltraining Villa Salutis","description":"Seminar Notfallmedizin","potentialAction":[{"@type":"SearchAction","target":{"@type":"EntryPoint","urlTemplate":"https:\/\/www.villa-salutis.de\/notfalltraining\/?s={search_term_string}"},"query-input":{"@type":"PropertyValueSpecification","valueRequired":true,"valueName":"search_term_string"}}],"inLanguage":"de"}]}},"_links":{"self":[{"href":"https:\/\/www.villa-salutis.de\/notfalltraining\/wp-json\/wp\/v2\/pages\/3835","targetHints":{"allow":["GET"]}}],"collection":[{"href":"https:\/\/www.villa-salutis.de\/notfalltraining\/wp-json\/wp\/v2\/pages"}],"about":[{"href":"https:\/\/www.villa-salutis.de\/notfalltraining\/wp-json\/wp\/v2\/types\/page"}],"author":[{"embeddable":true,"href":"https:\/\/www.villa-salutis.de\/notfalltraining\/wp-json\/wp\/v2\/users\/3"}],"replies":[{"embeddable":true,"href":"https:\/\/www.villa-salutis.de\/notfalltraining\/wp-json\/wp\/v2\/comments?post=3835"}],"version-history":[{"count":4,"href":"https:\/\/www.villa-salutis.de\/notfalltraining\/wp-json\/wp\/v2\/pages\/3835\/revisions"}],"predecessor-version":[{"id":4011,"href":"https:\/\/www.villa-salutis.de\/notfalltraining\/wp-json\/wp\/v2\/pages\/3835\/revisions\/4011"}],"wp:attachment":[{"href":"https:\/\/www.villa-salutis.de\/notfalltraining\/wp-json\/wp\/v2\/media?parent=3835"}],"curies":[{"name":"wp","href":"https:\/\/api.w.org\/{rel}","templated":true}]}}