{"id":3817,"date":"2019-07-03T14:45:17","date_gmt":"2019-07-03T12:45:17","guid":{"rendered":"https:\/\/www.villa-salutis.de\/notfalltr\/?page_id=3817"},"modified":"2023-02-04T14:35:59","modified_gmt":"2023-02-04T13:35:59","slug":"seminarnotfallmedizinfueraerzte","status":"publish","type":"page","link":"https:\/\/www.villa-salutis.de\/notfalltraining\/seminarnotfallmedizinfueraerzte\/","title":{"rendered":"Seminar Notfallmedizin f\u00fcr \u00c4rzte"},"content":{"rendered":"<div class=\"fusion-fullwidth fullwidth-box fusion-builder-row-1 nonhundred-percent-fullwidth non-hundred-percent-height-scrolling\" style=\"--awb-background-position:left top;--awb-border-sizes-top:0px;--awb-border-sizes-bottom:0px;--awb-border-sizes-left:0px;--awb-border-sizes-right:0px;--awb-border-radius-top-left:0px;--awb-border-radius-top-right:0px;--awb-border-radius-bottom-right:0px;--awb-border-radius-bottom-left:0px;--awb-padding-top:20px;--awb-padding-right:0px;--awb-padding-bottom:20px;--awb-padding-left:0px;--awb-flex-wrap:wrap;\" ><div class=\"fusion-builder-row fusion-row\"><div class=\"fusion-layout-column fusion_builder_column fusion-builder-column-0 fusion_builder_column_2_3 2_3 fusion-two-third fusion-column-first\" style=\"--awb-bg-size:cover;width:65.3333%; margin-right: 4%;\"><div class=\"fusion-column-wrapper fusion-flex-column-wrapper-legacy\"><div class=\"fusion-title title fusion-title-1 fusion-title-text fusion-title-size-one\" style=\"--awb-margin-top-small:10px;--awb-margin-right-small:0px;--awb-margin-bottom-small:10px;--awb-margin-left-small:0px;\"><h1 class=\"fusion-title-heading title-heading-left fusion-responsive-typography-calculated\" style=\"margin:0;--fontSize:34;line-height:1.41;\"><span style=\"color: #ff0000;\">Seminar<\/span> Notfallmedizin f\u00fcr \u00c4rzte<\/h1><span class=\"awb-title-spacer\"><\/span><div class=\"title-sep-container\"><div class=\"title-sep sep-single sep-solid\" style=\"border-color:#e0dede;\"><\/div><\/div><\/div><div class=\"fusion-image-element fusion-image-align-right in-legacy-container\" style=\"text-align:right;--awb-caption-title-font-family:var(--h2_typography-font-family);--awb-caption-title-font-weight:var(--h2_typography-font-weight);--awb-caption-title-font-style:var(--h2_typography-font-style);--awb-caption-title-size:var(--h2_typography-font-size);--awb-caption-title-transform:var(--h2_typography-text-transform);--awb-caption-title-line-height:var(--h2_typography-line-height);--awb-caption-title-letter-spacing:var(--h2_typography-letter-spacing);\"><span class=\" fusion-imageframe imageframe-none imageframe-1 hover-type-none\" style=\"margin-left:25px;float:right;\"><img decoding=\"async\" width=\"100\" height=\"40\" title=\"12-CME-Punkte\" src=\"https:\/\/www.villa-salutis.de\/notfalltraining\/wp-content\/uploads\/sites\/4\/2023\/02\/12-CME-Punkte.png\" alt class=\"img-responsive wp-image-4019\"\/><\/span><\/div><div class=\"fusion-title title fusion-title-2 fusion-sep-none fusion-title-text fusion-title-size-four\" style=\"--awb-margin-top-small:10px;--awb-margin-right-small:0px;--awb-margin-bottom-small:10px;--awb-margin-left-small:0px;\"><h4 class=\"fusion-title-heading title-heading-left fusion-responsive-typography-calculated\" style=\"margin:0;--fontSize:18;--minFontSize:18;line-height:1.33;\">Inhalt der Vortr\u00e4ge<\/h4><\/div><div class=\"fusion-text fusion-text-1\"><p><span style=\"font-size: larger;\"><strong>Begr\u00fc\u00dfung und Einleitung<\/strong> (9.00 \u00a0&#8211; 9.10 Uhr)<\/span><br \/>\n<span style=\"font-size: larger;\"><strong>Strukturierte Notfallbehandlung<\/strong> (9.10 &#8211; 9.45 Uhr)<\/span><\/p>\n<ul>\n<li>Erkennen und Behandeln wichtiger notfallmedizinischer Krankheitsbilder<\/li>\n<\/ul>\n<p><span style=\"font-size: larger;\"><strong>Bewusstseinsst\u00f6rungen<\/strong> (9.45 &#8211; 10.30 Uhr)<\/span><\/p>\n<ul>\n<li>Apoplex<\/li>\n<li>Krampfanfall<\/li>\n<li>Hypoglyk\u00e4mie<\/li>\n<li>Synkope<\/li>\n<\/ul>\n<p><span style=\"font-size: larger;\"><strong>Thoraxschmerzen<\/strong> (10.45\u00a0 &#8211; 11.30 Uhr)<\/span><\/p>\n<ul>\n<li>Akutes Koronarsyndrom (ACS)<\/li>\n<li>Lungenembolie<\/li>\n<li>Hypertensiver Notfall<\/li>\n<\/ul>\n<p><em>Kaffeepause 10.30\u00a0 &#8211; 10.45 Uhr<\/em><\/p>\n<p><span style=\"font-size: larger;\"><strong>Akute Atemnot<\/strong> (11.30 &#8211; 12.15Uhr)<\/span><\/p>\n<ul>\n<li>Lungen\u00f6dem<\/li>\n<li>Asthma bronchiale<\/li>\n<li>COPD<\/li>\n<li>Hyperventilation<\/li>\n<li>Anaphylaxie<\/li>\n<li>(Fremdk\u00f6rper)-Aspiration<\/li>\n<\/ul>\n<p><span style=\"font-size: larger;\"><strong>Reanimation nach aktuellen Leitlinien\u00a0<\/strong>(12.15 \u2013 13.00 Uhr)<\/span><\/p>\n<ul>\n<li>Airway Management<\/li>\n<li>Notfallmedikamente<\/li>\n<li>Medikamentenapplikation<\/li>\n<\/ul>\n<p><em>Mittagspause 13.00 &#8211;\u00a0 13.45 Uhr<\/em><\/p>\n<p><span style=\"font-size: larger;\"><strong>Inhalt der praktischen \u00dcbungen<\/strong> (13.45\u00a0 &#8211; 17.45 Uhr)<\/span><\/p>\n<p><em>Kaffeepause 16.00 \u00a0&#8211; 16.15 Uhr<\/em><\/p>\n<ul>\n<li>Megacode Training (nach aktuellen ERC Leitlinien und mit modernstem Notfallequipment)<\/li>\n<li>Der richtige Umgang mit AED\u00b4s<\/li>\n<li>Airwaymanagement<\/li>\n<li>Der sichere i.v. Zugang<\/li>\n<li>Der sichere intraoss\u00e4re Zugang<\/li>\n<\/ul>\n<p><span style=\"font-size: larger;\"><strong>Schriftliche Erfolgskontrolle<\/strong> (17.45\u00a0 &#8211; 18.00 Uhr)<\/span><\/p>\n<p><em>18.00 bis 18:15 Uhr Fragerunde<\/em><\/p>\n<p><em>18:15 Uhr Ende der Veranstaltung<\/em><\/p>\n<p><em>Dozent und \u00dcbungsleiter: Dr. med. Christian Smits (Facharzt f\u00fcr An\u00e4sthesiologie, Notfallmedizin)<\/em><\/p>\n<p><em>Seminardauer 9 Uhr \u2013 18:15 Uhr (inklusive Pausen), 10 UE<\/em><\/p>\n<\/div><div class=\"fusion-clearfix\"><\/div><\/div><\/div><div class=\"fusion-layout-column fusion_builder_column fusion-builder-column-1 fusion_builder_column_1_3 1_3 fusion-one-third fusion-column-last\" style=\"--awb-bg-size:cover;width:30.6666%;\"><div class=\"fusion-column-wrapper fusion-flex-column-wrapper-legacy\"><div class=\"fusion-text fusion-text-2\"><p>Bitte informieren Sie sich \u00fcber die angebotenen Termine im <a href=\"https:\/\/www.villa-salutis.de\/notfalltraining\/kalender\/\">Kalender<\/a>. Wir w\u00fcrden uns freuen, wenn Sie sich f\u00fcr ein Seminar bei uns entscheiden und sich \u00fcber das <a href=\"https:\/\/www.villa-salutis.de\/notfalltraining\/anmeldung\/\">Anmeldeformular<\/a> anmelden.<\/p>\n<p>Wenn Sie Fragen haben oder sich f\u00fcr ein Seminar erstmal vormerken lassen wollen, schreiben sie uns bitte \u00fcber das <a href=\"https:\/\/www.villa-salutis.de\/notfalltraining\/kontakt\/\">Kontaktformular<\/a>.<\/p>\n<\/div><div class=\"fusion-button-wrapper\"><a class=\"fusion-button button-flat button-medium button-default fusion-button-default button-1 fusion-button-default-span fusion-button-default-type\" target=\"_self\" title=\"Zum Terminkalender\" aria-label=\"Zum Terminkalender\" href=\"\/notfalltraining\/kalender\/\"><span class=\"fusion-button-text awb-button__text awb-button__text--default\">Zum Terminkalender<\/span><\/a><\/div><div class=\"fusion-button-wrapper\"><a class=\"fusion-button button-flat button-medium button-default fusion-button-default button-2 fusion-button-default-span fusion-button-default-type\" target=\"_self\" title=\"Zur Anmeldung\" aria-label=\"Zur Anmeldung\" href=\"\/notfalltraining\/anmeldung\/\"><span class=\"fusion-button-text awb-button__text awb-button__text--default\">Zur Anmeldung<\/span><\/a><\/div><div class=\"fusion-sep-clear\"><\/div><div class=\"fusion-separator fusion-full-width-sep\" style=\"margin-left: auto;margin-right: auto;margin-top:50px;width:100%;\"><\/div><div class=\"fusion-sep-clear\"><\/div><div class=\"fusion-text fusion-text-3\"><p><a href=\"https:\/\/www.villa-salutis.de\/notfalltraining\/wp-content\/uploads\/sites\/4\/2019\/03\/Smits-820x565.jpg\"><img decoding=\"async\" class=\"alignleft wp-image-3506\" src=\"https:\/\/www.villa-salutis.de\/notfalltraining\/wp-content\/uploads\/sites\/4\/2019\/03\/Smits-820x565-300x207.jpg\" alt=\"\" width=\"401\" height=\"276\" srcset=\"https:\/\/www.villa-salutis.de\/notfalltraining\/wp-content\/uploads\/sites\/4\/2019\/03\/Smits-820x565-200x138.jpg 200w, https:\/\/www.villa-salutis.de\/notfalltraining\/wp-content\/uploads\/sites\/4\/2019\/03\/Smits-820x565-300x207.jpg 300w, https:\/\/www.villa-salutis.de\/notfalltraining\/wp-content\/uploads\/sites\/4\/2019\/03\/Smits-820x565-400x276.jpg 400w, https:\/\/www.villa-salutis.de\/notfalltraining\/wp-content\/uploads\/sites\/4\/2019\/03\/Smits-820x565-600x413.jpg 600w, https:\/\/www.villa-salutis.de\/notfalltraining\/wp-content\/uploads\/sites\/4\/2019\/03\/Smits-820x565-768x529.jpg 768w, https:\/\/www.villa-salutis.de\/notfalltraining\/wp-content\/uploads\/sites\/4\/2019\/03\/Smits-820x565-800x551.jpg 800w, https:\/\/www.villa-salutis.de\/notfalltraining\/wp-content\/uploads\/sites\/4\/2019\/03\/Smits-820x565.jpg 820w\" sizes=\"(max-width: 401px) 100vw, 401px\" \/><\/a><br clear=\"all\" \/><strong>Dr. med. Christian Smits<\/strong><br \/>\n<strong>Facharzt f\u00fcr An\u00e4sthesiologie, Notfallmedizin<\/strong><\/p>\n<\/div><div class=\"fusion-clearfix\"><\/div><\/div><\/div><\/div><\/div>\n","protected":false},"excerpt":{"rendered":"","protected":false},"author":3,"featured_media":0,"parent":0,"menu_order":0,"comment_status":"closed","ping_status":"closed","template":"","meta":{"footnotes":""},"class_list":["post-3817","page","type-page","status-publish","hentry"],"yoast_head":"<!-- This site is optimized with the Yoast SEO Premium plugin v27.3 (Yoast SEO v27.3) - https:\/\/yoast.com\/product\/yoast-seo-premium-wordpress\/ -->\n<title>Seminar Notfallmedizin f\u00fcr \u00c4rzte - Notfalltraining Villa Salutis<\/title>\n<meta name=\"robots\" content=\"index, follow, max-snippet:-1, max-image-preview:large, max-video-preview:-1\" \/>\n<link rel=\"canonical\" href=\"https:\/\/www.villa-salutis.de\/notfalltraining\/seminarnotfallmedizinfueraerzte\/\" \/>\n<meta property=\"og:locale\" content=\"de_DE\" \/>\n<meta property=\"og:type\" content=\"article\" \/>\n<meta property=\"og:title\" content=\"Seminar Notfallmedizin f\u00fcr \u00c4rzte\" \/>\n<meta property=\"og:url\" content=\"https:\/\/www.villa-salutis.de\/notfalltraining\/seminarnotfallmedizinfueraerzte\/\" \/>\n<meta property=\"og:site_name\" content=\"Notfalltraining Villa Salutis\" \/>\n<meta property=\"article:modified_time\" content=\"2023-02-04T13:35:59+00:00\" \/>\n<meta property=\"og:image\" content=\"https:\/\/www.villa-salutis.de\/notfalltraining\/wp-content\/uploads\/sites\/4\/2019\/03\/Smits-820x565-300x207.jpg\" \/>\n<meta name=\"twitter:card\" content=\"summary_large_image\" \/>\n<meta name=\"twitter:label1\" content=\"Gesch\u00e4tzte Lesezeit\" \/>\n\t<meta name=\"twitter:data1\" content=\"3\u00a0Minuten\" \/>\n<script type=\"application\/ld+json\" class=\"yoast-schema-graph\">{\"@context\":\"https:\\\/\\\/schema.org\",\"@graph\":[{\"@type\":\"WebPage\",\"@id\":\"https:\\\/\\\/www.villa-salutis.de\\\/notfalltraining\\\/seminarnotfallmedizinfueraerzte\\\/\",\"url\":\"https:\\\/\\\/www.villa-salutis.de\\\/notfalltraining\\\/seminarnotfallmedizinfueraerzte\\\/\",\"name\":\"Seminar Notfallmedizin f\u00fcr \u00c4rzte - Notfalltraining Villa Salutis\",\"isPartOf\":{\"@id\":\"https:\\\/\\\/www.villa-salutis.de\\\/notfalltraining\\\/#website\"},\"primaryImageOfPage\":{\"@id\":\"https:\\\/\\\/www.villa-salutis.de\\\/notfalltraining\\\/seminarnotfallmedizinfueraerzte\\\/#primaryimage\"},\"image\":{\"@id\":\"https:\\\/\\\/www.villa-salutis.de\\\/notfalltraining\\\/seminarnotfallmedizinfueraerzte\\\/#primaryimage\"},\"thumbnailUrl\":\"https:\\\/\\\/www.villa-salutis.de\\\/notfalltraining\\\/wp-content\\\/uploads\\\/sites\\\/4\\\/2019\\\/03\\\/Smits-820x565-300x207.jpg\",\"datePublished\":\"2019-07-03T12:45:17+00:00\",\"dateModified\":\"2023-02-04T13:35:59+00:00\",\"breadcrumb\":{\"@id\":\"https:\\\/\\\/www.villa-salutis.de\\\/notfalltraining\\\/seminarnotfallmedizinfueraerzte\\\/#breadcrumb\"},\"inLanguage\":\"de\",\"potentialAction\":[{\"@type\":\"ReadAction\",\"target\":[\"https:\\\/\\\/www.villa-salutis.de\\\/notfalltraining\\\/seminarnotfallmedizinfueraerzte\\\/\"]}]},{\"@type\":\"ImageObject\",\"inLanguage\":\"de\",\"@id\":\"https:\\\/\\\/www.villa-salutis.de\\\/notfalltraining\\\/seminarnotfallmedizinfueraerzte\\\/#primaryimage\",\"url\":\"https:\\\/\\\/www.villa-salutis.de\\\/notfalltraining\\\/wp-content\\\/uploads\\\/sites\\\/4\\\/2019\\\/03\\\/Smits-820x565-300x207.jpg\",\"contentUrl\":\"https:\\\/\\\/www.villa-salutis.de\\\/notfalltraining\\\/wp-content\\\/uploads\\\/sites\\\/4\\\/2019\\\/03\\\/Smits-820x565-300x207.jpg\"},{\"@type\":\"BreadcrumbList\",\"@id\":\"https:\\\/\\\/www.villa-salutis.de\\\/notfalltraining\\\/seminarnotfallmedizinfueraerzte\\\/#breadcrumb\",\"itemListElement\":[{\"@type\":\"ListItem\",\"position\":1,\"name\":\"Startseite\",\"item\":\"https:\\\/\\\/www.villa-salutis.de\\\/notfalltraining\\\/\"},{\"@type\":\"ListItem\",\"position\":2,\"name\":\"Seminar Notfallmedizin f\u00fcr \u00c4rzte\"}]},{\"@type\":\"WebSite\",\"@id\":\"https:\\\/\\\/www.villa-salutis.de\\\/notfalltraining\\\/#website\",\"url\":\"https:\\\/\\\/www.villa-salutis.de\\\/notfalltraining\\\/\",\"name\":\"Notfalltraining Villa Salutis\",\"description\":\"Seminar Notfallmedizin\",\"potentialAction\":[{\"@type\":\"SearchAction\",\"target\":{\"@type\":\"EntryPoint\",\"urlTemplate\":\"https:\\\/\\\/www.villa-salutis.de\\\/notfalltraining\\\/?s={search_term_string}\"},\"query-input\":{\"@type\":\"PropertyValueSpecification\",\"valueRequired\":true,\"valueName\":\"search_term_string\"}}],\"inLanguage\":\"de\"}]}<\/script>\n<!-- \/ Yoast SEO Premium plugin. -->","yoast_head_json":{"title":"Seminar Notfallmedizin f\u00fcr \u00c4rzte - Notfalltraining Villa Salutis","robots":{"index":"index","follow":"follow","max-snippet":"max-snippet:-1","max-image-preview":"max-image-preview:large","max-video-preview":"max-video-preview:-1"},"canonical":"https:\/\/www.villa-salutis.de\/notfalltraining\/seminarnotfallmedizinfueraerzte\/","og_locale":"de_DE","og_type":"article","og_title":"Seminar Notfallmedizin f\u00fcr \u00c4rzte","og_url":"https:\/\/www.villa-salutis.de\/notfalltraining\/seminarnotfallmedizinfueraerzte\/","og_site_name":"Notfalltraining Villa Salutis","article_modified_time":"2023-02-04T13:35:59+00:00","og_image":[{"url":"https:\/\/www.villa-salutis.de\/notfalltraining\/wp-content\/uploads\/sites\/4\/2019\/03\/Smits-820x565-300x207.jpg","type":"","width":"","height":""}],"twitter_card":"summary_large_image","twitter_misc":{"Gesch\u00e4tzte Lesezeit":"3\u00a0Minuten"},"schema":{"@context":"https:\/\/schema.org","@graph":[{"@type":"WebPage","@id":"https:\/\/www.villa-salutis.de\/notfalltraining\/seminarnotfallmedizinfueraerzte\/","url":"https:\/\/www.villa-salutis.de\/notfalltraining\/seminarnotfallmedizinfueraerzte\/","name":"Seminar Notfallmedizin f\u00fcr \u00c4rzte - Notfalltraining Villa Salutis","isPartOf":{"@id":"https:\/\/www.villa-salutis.de\/notfalltraining\/#website"},"primaryImageOfPage":{"@id":"https:\/\/www.villa-salutis.de\/notfalltraining\/seminarnotfallmedizinfueraerzte\/#primaryimage"},"image":{"@id":"https:\/\/www.villa-salutis.de\/notfalltraining\/seminarnotfallmedizinfueraerzte\/#primaryimage"},"thumbnailUrl":"https:\/\/www.villa-salutis.de\/notfalltraining\/wp-content\/uploads\/sites\/4\/2019\/03\/Smits-820x565-300x207.jpg","datePublished":"2019-07-03T12:45:17+00:00","dateModified":"2023-02-04T13:35:59+00:00","breadcrumb":{"@id":"https:\/\/www.villa-salutis.de\/notfalltraining\/seminarnotfallmedizinfueraerzte\/#breadcrumb"},"inLanguage":"de","potentialAction":[{"@type":"ReadAction","target":["https:\/\/www.villa-salutis.de\/notfalltraining\/seminarnotfallmedizinfueraerzte\/"]}]},{"@type":"ImageObject","inLanguage":"de","@id":"https:\/\/www.villa-salutis.de\/notfalltraining\/seminarnotfallmedizinfueraerzte\/#primaryimage","url":"https:\/\/www.villa-salutis.de\/notfalltraining\/wp-content\/uploads\/sites\/4\/2019\/03\/Smits-820x565-300x207.jpg","contentUrl":"https:\/\/www.villa-salutis.de\/notfalltraining\/wp-content\/uploads\/sites\/4\/2019\/03\/Smits-820x565-300x207.jpg"},{"@type":"BreadcrumbList","@id":"https:\/\/www.villa-salutis.de\/notfalltraining\/seminarnotfallmedizinfueraerzte\/#breadcrumb","itemListElement":[{"@type":"ListItem","position":1,"name":"Startseite","item":"https:\/\/www.villa-salutis.de\/notfalltraining\/"},{"@type":"ListItem","position":2,"name":"Seminar Notfallmedizin f\u00fcr \u00c4rzte"}]},{"@type":"WebSite","@id":"https:\/\/www.villa-salutis.de\/notfalltraining\/#website","url":"https:\/\/www.villa-salutis.de\/notfalltraining\/","name":"Notfalltraining Villa Salutis","description":"Seminar Notfallmedizin","potentialAction":[{"@type":"SearchAction","target":{"@type":"EntryPoint","urlTemplate":"https:\/\/www.villa-salutis.de\/notfalltraining\/?s={search_term_string}"},"query-input":{"@type":"PropertyValueSpecification","valueRequired":true,"valueName":"search_term_string"}}],"inLanguage":"de"}]}},"_links":{"self":[{"href":"https:\/\/www.villa-salutis.de\/notfalltraining\/wp-json\/wp\/v2\/pages\/3817","targetHints":{"allow":["GET"]}}],"collection":[{"href":"https:\/\/www.villa-salutis.de\/notfalltraining\/wp-json\/wp\/v2\/pages"}],"about":[{"href":"https:\/\/www.villa-salutis.de\/notfalltraining\/wp-json\/wp\/v2\/types\/page"}],"author":[{"embeddable":true,"href":"https:\/\/www.villa-salutis.de\/notfalltraining\/wp-json\/wp\/v2\/users\/3"}],"replies":[{"embeddable":true,"href":"https:\/\/www.villa-salutis.de\/notfalltraining\/wp-json\/wp\/v2\/comments?post=3817"}],"version-history":[{"count":4,"href":"https:\/\/www.villa-salutis.de\/notfalltraining\/wp-json\/wp\/v2\/pages\/3817\/revisions"}],"predecessor-version":[{"id":4020,"href":"https:\/\/www.villa-salutis.de\/notfalltraining\/wp-json\/wp\/v2\/pages\/3817\/revisions\/4020"}],"wp:attachment":[{"href":"https:\/\/www.villa-salutis.de\/notfalltraining\/wp-json\/wp\/v2\/media?parent=3817"}],"curies":[{"name":"wp","href":"https:\/\/api.w.org\/{rel}","templated":true}]}}