{"id":1633,"date":"2016-05-09T08:15:16","date_gmt":"2016-05-09T06:15:16","guid":{"rendered":"https:\/\/www.villa-salutis.de\/notfallt\/web\/?page_id=1633"},"modified":"2020-11-04T21:40:06","modified_gmt":"2020-11-04T20:40:06","slug":"agb","status":"publish","type":"page","link":"https:\/\/www.villa-salutis.de\/notfalltraining\/agb\/","title":{"rendered":"AGB"},"content":{"rendered":"<h1>Allgemeine Gesch\u00e4fts- und Vertragsbedingungen<\/h1>\n<p class=\"t1\"><span class=\"t2\">1. Der Vertrag<\/span><br \/>\nDer Vertrag wird zwischen dem Nutzer und Dr. med. Christian Smits, Bromeledonk 40, 47809 Krefeld, im Folgenden Anbieter genannt, geschlossen.<\/p>\n<p><span class=\"t2\">2. Der Vertrag kommt wie folgt zustande:<\/span><br \/>\nDie Darstellung der Kursangebote stellt kein verbindliches Angebot des Anbieters dar.<\/p>\n<p>Der Nutzer gibt durch das Absenden des Bestellformulars ein Angebot auf Abschluss des Vertrages zur Teilnahme an der ausgew\u00e4hlten Veranstaltung ab. Das Absenden erfolgt durch das Klicken des Button \u201eSenden\u201c.<\/p>\n<p>Nach Eingang des Angebotes erh\u00e4lt der Nutzer umgehend eine Best\u00e4tigung \u00fcber den Eingang der Anmeldung. Dies stellt noch keine Annahme des Angebotes durch den Anbieter dar.<\/p>\n<p>Der Vertrag kommt erst zustande, sobald das Angebot des Nutzers angenommen wurde. Dies geschieht durch eine separate Annahmeerkl\u00e4rung bzw. Teilnahmebest\u00e4tigung, die der Nutzer durch den Anbieter erh\u00e4lt.<\/p>\n<p>Sollte binnen zwei Wochen keine Teilnahmebest\u00e4tigung zugegangen sein, so ist der Nutzer nicht mehr an sein Angebot gebunden.<\/p>\n<p><span class=\"t2\">3. Preisangaben<\/span><br \/>\nAlle im Rahmen dieser Seite dargestellten und angegebenen Preise sind Endpreise. Es handelt sich um nicht umsatzsteuerpflichtige Angebote, weshalb die Mehrwertsteuer nicht ausgewiesen wird.<\/p>\n<p><span class=\"t2\">4. Informationspflicht<\/span><br \/>\nDie Informationen zur Datenschutzerkl\u00e4rung, die Widerrufsbelehrung, die konkreten Angebotsdaten sowie die Allgemeinen Vertragsbedingungen werden dem Nutzern per E-Mail zugesendet.<\/p>\n<p>&#8212;&#8212;&#8212;&#8212;&#8212;&#8212;&#8212;&#8212;&#8212;&#8212;&#8212;&#8212;&#8212;&#8212;&#8212;&#8212;&#8212;&#8212;&#8212;&#8212;&#8212;&#8212;&#8212;&#8212;&#8212;&#8212;&#8212;&#8212;&#8212;&#8212;&#8212;&#8212;&#8212;&#8212;&#8212;&#8212;&#8212;&#8212;&#8212;&#8212;&#8212;&#8212;&#8212;&#8212;&#8212;&#8212;&#8211;<\/p>\n<h1>Widerrufsbelehrung :<\/h1>\n<p class=\"t1\">Verbraucher haben das Recht, ihre auf den Abschluss des Vertrages gerichtete Willenserkl\u00e4rung innerhalb von zwei Wochen zu widerrufen. Der Widerruf muss keine Begr\u00fcndung enthalten und ist in Textform (zum Beispiel Brief, Fax, E-Mail) gegen\u00fcber Dr. med. Christian Smits, Bromeledonk 40, 47809 Krefeld\u00a0zu erkl\u00e4ren; Zur Fristwahrung gen\u00fcgt die rechtzeitige Absendung des Widerrufs. Die Frist beginnt fr\u00fchestens einen Tag nach Erhalt dieser noch in Textform mitzuteilenden Belehrung \u00fcber das Widerrufsrecht, jedoch nicht vor Vertragsschluss und auch nicht vor Erf\u00fcllung unserer Informationspflichten gem\u00e4\u00df \u00a7 312c Ab.s 2 BGB i.V.m. \u00a7 1 Abs. 1, 2 und 4 BGB-InfoV.<\/p>\n<p><span class=\"t2\">Der Widerruf ist zu richten an:<\/span><br \/>\nDr. med. Christian Smits<br \/>\nBromeledonk 40<br \/>\n47809 Krefeld<br \/>\nE-Mail: <a href=\"mailto:dr.med.christian.smits@gmail.com\">dr.med.christian.smits@gmail.com<\/a><\/p>\n<p><span class=\"t2\">Widerrufsfolgen:<\/span><br \/>\nIm Falle eines wirksamen Widerrufs sind die beiderseitig empfangenen Leistungen zur\u00fcckzugew\u00e4hren und ggf. gezogene Nutzungen herauszugeben. K\u00f6nnen Sie uns die empfangenen Leistungen ganz oder teilweise nicht oder nur in verschlechtertem Zustand zur\u00fcckgew\u00e4hren, m\u00fcssen Sie uns insoweit ggf. Wertersatz leisten.<\/p>\n<p>Verpflichtungen zur Erstattung von Zahlungen m\u00fcssen Sie innerhalb von 30 Tagen nach Absendung Ihrer Widerrufserkl\u00e4rung erf\u00fcllen.<\/p>\n<p>Bei einer Dienstleistung erlischt Ihr Widerrufsrecht vorzeitig, wenn Ihr Vertragspartner mit der Ausf\u00fchrung der Dienstleitungen mit Ihrer ausdr\u00fccklichen Zustimmung vor Ende der Widerrufsfrist begonnen hat pder Sie diese selbst veranlasst haben.<\/p>\n<p>Ein Muster-Widerrufsformular finden Sie <span style=\"color: #ff0000;\"><a style=\"color: #ff0000;\" href=\"https:\/\/www.villa-salutis.de\/notfalltraining\/wp-content\/uploads\/sites\/4\/2019\/08\/Widerrufsformular-Notfalltraining.pdf\" target=\"_blank\" rel=\"noopener noreferrer\">hier.<\/a><\/span><\/p>\n<p>&#8212;&#8212;&#8212;&#8212;&#8212;&#8212;&#8212;&#8212;&#8212;&#8212;&#8212;&#8212;&#8212;&#8212;&#8212;&#8212;&#8212;&#8212;&#8212;&#8212;&#8212;&#8212;&#8212;&#8212;&#8212;&#8212;&#8212;&#8212;&#8212;&#8212;&#8212;&#8212;&#8212;&#8212;&#8212;&#8212;&#8212;&#8212;&#8212;&#8212;&#8212;&#8212;&#8212;&#8212;&#8212;&#8212;&#8211;<\/p>\n<h1>Anmelde-\/ R\u00fccktrittsbedingungen:<\/h1>\n<ol>\n<li><strong> Anmeldung<\/strong><\/li>\n<\/ol>\n<p>Die Anmeldungen werden in der Reihenfolge des Eingangs bearbeitet.<\/p>\n<p>Sie enthalten von uns eine Anmeldebest\u00e4tigung und nach Abschluss eine Teilnahme-\/ Kostenbest\u00e4tigung. Ist die Veranstaltung ausgebucht, werden Sie rechtzeitig benachrichtigt. Die Lehrgangs-\/ Kursgeb\u00fchr wird von uns per Lastschriftverfahren ca. 14 Tage vor Kursbeginn von Ihrem Konto abgebucht. Evtl. anfallende R\u00fccklastschriftgeb\u00fchren aufgrund Unterdeckung des Kontos oder fehlerhafter Bankangaben sind vom Teilnehmer zu tragen.<\/p>\n<ol start=\"2\">\n<li><strong> \u00c4nderungen<\/strong><\/li>\n<\/ol>\n<p>Die Mindesteilnehmerzahl ist 10 Teilnehmer, jedoch auch kursabh\u00e4ngig.<\/p>\n<p>Evtl. \u00c4nderungen, auch kurzfristige Kursabsagen, Terminverschiebungen sind vorbehalten.<\/p>\n<p>Dieses wird dem Teilnehmer unverz\u00fcglich mitgeteilt. Weitergehende Anspr\u00fcche sind ausgeschlossen. Preis\u00e4nderungen und Irrtum bleiben vorbehalten.<\/p>\n<ol start=\"3\">\n<li><strong> R\u00fccktritt \/ Storno<\/strong><\/li>\n<\/ol>\n<p>Die schriftliche Anmeldung ist verbindlich und abh\u00e4ngig von der Zahlung der Lehrgangsgeb\u00fchr. Bis 6 Wochen vor Kursbeginn kann der Teilnehmer ohne Angaben von Gr\u00fcnden zur\u00fccktreten. Danach wird folgende Geb\u00fchr f\u00e4llig.<\/p>\n<p>6 \u2013 4 Wochen vor Kursbeginn \u00a0 \u00a0 \u00a0 \u00a050% der Kursgeb\u00fchr<br \/>\n4 \u2013 2 Wochen vor Kursbeginn\u00a0 \u00a0\u00a0\u00a0\u00a0 \u00a075% der Kursgeb\u00fchr<br \/>\n2 \u2013 0 Wochen vor Kursbeginn\u00a0\u00a0\u00a0\u00a0\u00a0\u00a0\u00a0 100% der Kursgeb\u00fchr<\/p>\n<p>Die Abmeldung muss schriftlich erfolgen. Bei einer kurzfristigen Abmeldung ist eine R\u00fcckerstattung der gezahlten Kursgeb\u00fchr nur m\u00f6glich, wenn ein Ersatzteilnehmer gestellt wird. Tritt ein Teilnehmer, egal aus welchen Gr\u00fcnden, den Kurs nicht an, oder scheidet er w\u00e4hrend des Kurses aus, ist eine R\u00fcckerstattung der Kursgeb\u00fchr ausgeschlossen.<\/p>\n<p>Vers\u00e4umte Kurse k\u00f6nnen zu erm\u00e4\u00dfigten Geb\u00fchren erneut gebucht werden.<\/p>\n<p>Die Anmeldegeb\u00fchr entf\u00e4llt ebenfalls.<\/p>\n<p>Diese Regelung gilt ausschlie\u00dflich bei Seminaren.<\/p>\n<ol start=\"4\">\n<li><strong> Ton- u. Bildaufnahmen<\/strong><\/li>\n<\/ol>\n<p>Sind w\u00e4hrend des Unterrichts nicht erlaubt. Alle Rechte sind Dr. med. Christian Smits\u00a0vorbehalten.<\/p>\n<ol start=\"5\">\n<li><strong> Bescheinigungen<\/strong><\/li>\n<\/ol>\n<p>Bewahren Sie Ihre Teilnahme-\/ Kostenbest\u00e4tigung sorgf\u00e4ltig auf ( Finanzamt, Rentennachweis).<\/p>\n<p>Bei Ausstellung von Zweitbescheinigungen berechnen wir je nach Umfang 10,00\u20ac Bearbeitungsgeb\u00fchr.<\/p>\n<ol start=\"6\">\n<li><strong> Haftung<\/strong><\/li>\n<\/ol>\n<p>Wir weisen darauf hin, dass Lehrinhalte Empfehlungen darstellen.<\/p>\n<p>Die jeweilige Wahl einer Therapie\/Medikamente ist die alleinige Entscheidung des Kursteilnehmers, die er nach Abw\u00e4gung der entsprechenden Situation selbst zu treffen hat. Es k\u00f6nnen gegen\u00fcber der Villa Salutis\u00ae und\u00a0Dr. med. Christian Smits bei etwaigen Folgen keine Anspr\u00fcche geltend gemacht werden.<\/p>\n<ol start=\"7\">\n<li><strong> Urheberschutz<\/strong><\/li>\n<\/ol>\n<p>Die Unterrichtsmaterialien, Lehrpl\u00e4ne, Skripte werden dem Teilnehmer ausschlie\u00dflich zur alleinigen und nicht \u00fcbertragbaren pers\u00f6nlichen Nutzung \u00fcberlassen.<\/p>\n<p>Diese sind urheberrechtlich gesch\u00fctzt. Jede Verwertung au\u00dferhalb der engen Grenzen des Urheberrechtsgesetzes ist ohne Zustimmung der Villa Salutis\u00ae und Dr. med. Christian Smits unzul\u00e4ssig und strafbar. Dies gilt insbesondere f\u00fcr Vervielf\u00e4ltigungen, \u00dcbersetzungen oder Verwendung zu Unterrichtszwecken au\u00dferhalb der Villa Salutis\u00ae.<\/p>\n<p>&#8212;&#8212;&#8212;&#8212;&#8212;&#8212;&#8212;&#8212;&#8212;&#8212;&#8212;&#8212;&#8212;&#8212;&#8212;&#8212;&#8212;&#8212;&#8212;&#8212;&#8212;&#8212;&#8212;&#8212;&#8212;&#8212;&#8212;&#8212;&#8212;&#8212;&#8212;&#8212;&#8212;&#8212;&#8212;&#8212;&#8212;&#8212;&#8212;&#8212;&#8212;&#8212;&#8212;&#8212;&#8212;&#8212;&#8211;<\/p>\n<h1>Datenschutzerkl\u00e4rung (Schulungen) :<\/h1>\n<p class=\"t1\">Im Rahmen der Vertragsabwicklung werden personenbezogene Daten erhoben. Diese f\u00fcr die Vertragsabwicklung erforderlichen Daten werden intern gespeichert und verarbeitet. Ihre personenbezogenen Daten werden an Dritte nur weitergegeben oder sonst \u00fcbermittelt, wenn dies zum Zwecke der Vertragsabwicklung \u2013 insbesondere Weitergabe von Kurs- und Teinehmerdaten an Dozenten \u2013 oder zu Abrechnungszwecken erforderlich ist oder Sie zuvor eingewilligt haben. Sie haben das Recht, eine erteilte Einwilligung mit Wirkung f\u00fcr die Zukunft jederzeit zu widerrufen.<\/p>\n<p>Dar\u00fcber hinaus werden Daten nur in technisch notwendigem Umfang erhoben. Im Rahmen des Aufrufes der Internetseite werden insbesondere Daten wie Browsertyp\/-version, Betriebssystem, verweisende URL, die IP-Adresse sowie die Uhrzeit der Serveranfrage gespeichert. Diese Daten k\u00f6nnen durch uns einer bestimmten Person nicht zugeordnet werden. Die Erhebung der Daten erfolgt allein zu statistischen Zwecken. Nach ihrer Auswertung werden die Daten regelm\u00e4\u00dfig gel\u00f6scht.<\/p>\n<p>Hinsichtlich der f\u00fcr Ihre Person gespeicherten Daten haben Sie jederzeit das Recht auf Auskunft. Dieses Recht umfasst die Auskunft \u00fcber die Herkunft, den Empf\u00e4nger sowie den Zweck der Speicherung der erhobenen Daten.<\/p>\n","protected":false},"excerpt":{"rendered":"<p>Allgemeine Gesch\u00e4fts- und Vertragsbedingungen 1. Der Vertrag Der Vertrag wird zwischen dem Nutzer und Dr. med. Christian Smits, Bromeledonk 40,  [&#8230;]<\/p>\n","protected":false},"author":3,"featured_media":0,"parent":0,"menu_order":0,"comment_status":"closed","ping_status":"closed","template":"","meta":{"footnotes":""},"class_list":["post-1633","page","type-page","status-publish","hentry"],"yoast_head":"<!-- This site is optimized with the Yoast SEO Premium plugin v27.4 (Yoast SEO v27.4) - https:\/\/yoast.com\/product\/yoast-seo-premium-wordpress\/ -->\n<title>Villa Salutis Krefeld Allgemeine Gesch\u00e4ftsbedingungen<\/title>\n<meta name=\"description\" content=\"Allgemeine Gesch\u00e4fts-&amp; Vertragsbedingungen, Widerrufsbelehrungen,Datenschutzerkl\u00e4rungen, Anmelde- &amp; R\u00fccktrittsbedingungen\" \/>\n<meta name=\"robots\" content=\"index, follow, max-snippet:-1, max-image-preview:large, max-video-preview:-1\" \/>\n<link rel=\"canonical\" href=\"https:\/\/www.villa-salutis.de\/notfalltraining\/agb\/\" \/>\n<meta property=\"og:locale\" content=\"de_DE\" \/>\n<meta property=\"og:type\" content=\"article\" \/>\n<meta property=\"og:title\" content=\"AGB\" \/>\n<meta property=\"og:description\" content=\"Allgemeine Gesch\u00e4fts-&amp; Vertragsbedingungen, Widerrufsbelehrungen,Datenschutzerkl\u00e4rungen, Anmelde- &amp; R\u00fccktrittsbedingungen\" \/>\n<meta property=\"og:url\" content=\"https:\/\/www.villa-salutis.de\/notfalltraining\/agb\/\" \/>\n<meta property=\"og:site_name\" content=\"Notfalltraining Villa Salutis\" \/>\n<meta property=\"article:modified_time\" content=\"2020-11-04T20:40:06+00:00\" \/>\n<meta name=\"twitter:card\" content=\"summary_large_image\" \/>\n<meta name=\"twitter:label1\" content=\"Gesch\u00e4tzte Lesezeit\" \/>\n\t<meta name=\"twitter:data1\" content=\"5\u00a0Minuten\" \/>\n<script type=\"application\/ld+json\" class=\"yoast-schema-graph\">{\"@context\":\"https:\\\/\\\/schema.org\",\"@graph\":[{\"@type\":\"WebPage\",\"@id\":\"https:\\\/\\\/www.villa-salutis.de\\\/notfalltraining\\\/agb\\\/\",\"url\":\"https:\\\/\\\/www.villa-salutis.de\\\/notfalltraining\\\/agb\\\/\",\"name\":\"Villa Salutis Krefeld Allgemeine Gesch\u00e4ftsbedingungen\",\"isPartOf\":{\"@id\":\"https:\\\/\\\/www.villa-salutis.de\\\/notfalltraining\\\/#website\"},\"datePublished\":\"2016-05-09T06:15:16+00:00\",\"dateModified\":\"2020-11-04T20:40:06+00:00\",\"description\":\"Allgemeine Gesch\u00e4fts-& Vertragsbedingungen, Widerrufsbelehrungen,Datenschutzerkl\u00e4rungen, Anmelde- & R\u00fccktrittsbedingungen\",\"breadcrumb\":{\"@id\":\"https:\\\/\\\/www.villa-salutis.de\\\/notfalltraining\\\/agb\\\/#breadcrumb\"},\"inLanguage\":\"de\",\"potentialAction\":[{\"@type\":\"ReadAction\",\"target\":[\"https:\\\/\\\/www.villa-salutis.de\\\/notfalltraining\\\/agb\\\/\"]}]},{\"@type\":\"BreadcrumbList\",\"@id\":\"https:\\\/\\\/www.villa-salutis.de\\\/notfalltraining\\\/agb\\\/#breadcrumb\",\"itemListElement\":[{\"@type\":\"ListItem\",\"position\":1,\"name\":\"Startseite\",\"item\":\"https:\\\/\\\/www.villa-salutis.de\\\/notfalltraining\\\/\"},{\"@type\":\"ListItem\",\"position\":2,\"name\":\"AGB\"}]},{\"@type\":\"WebSite\",\"@id\":\"https:\\\/\\\/www.villa-salutis.de\\\/notfalltraining\\\/#website\",\"url\":\"https:\\\/\\\/www.villa-salutis.de\\\/notfalltraining\\\/\",\"name\":\"Notfalltraining Villa Salutis\",\"description\":\"Seminar Notfallmedizin\",\"potentialAction\":[{\"@type\":\"SearchAction\",\"target\":{\"@type\":\"EntryPoint\",\"urlTemplate\":\"https:\\\/\\\/www.villa-salutis.de\\\/notfalltraining\\\/?s={search_term_string}\"},\"query-input\":{\"@type\":\"PropertyValueSpecification\",\"valueRequired\":true,\"valueName\":\"search_term_string\"}}],\"inLanguage\":\"de\"}]}<\/script>\n<!-- \/ Yoast SEO Premium plugin. -->","yoast_head_json":{"title":"Villa Salutis Krefeld Allgemeine Gesch\u00e4ftsbedingungen","description":"Allgemeine Gesch\u00e4fts-& Vertragsbedingungen, Widerrufsbelehrungen,Datenschutzerkl\u00e4rungen, Anmelde- & R\u00fccktrittsbedingungen","robots":{"index":"index","follow":"follow","max-snippet":"max-snippet:-1","max-image-preview":"max-image-preview:large","max-video-preview":"max-video-preview:-1"},"canonical":"https:\/\/www.villa-salutis.de\/notfalltraining\/agb\/","og_locale":"de_DE","og_type":"article","og_title":"AGB","og_description":"Allgemeine Gesch\u00e4fts-& Vertragsbedingungen, Widerrufsbelehrungen,Datenschutzerkl\u00e4rungen, Anmelde- & R\u00fccktrittsbedingungen","og_url":"https:\/\/www.villa-salutis.de\/notfalltraining\/agb\/","og_site_name":"Notfalltraining Villa Salutis","article_modified_time":"2020-11-04T20:40:06+00:00","twitter_card":"summary_large_image","twitter_misc":{"Gesch\u00e4tzte Lesezeit":"5\u00a0Minuten"},"schema":{"@context":"https:\/\/schema.org","@graph":[{"@type":"WebPage","@id":"https:\/\/www.villa-salutis.de\/notfalltraining\/agb\/","url":"https:\/\/www.villa-salutis.de\/notfalltraining\/agb\/","name":"Villa Salutis Krefeld Allgemeine Gesch\u00e4ftsbedingungen","isPartOf":{"@id":"https:\/\/www.villa-salutis.de\/notfalltraining\/#website"},"datePublished":"2016-05-09T06:15:16+00:00","dateModified":"2020-11-04T20:40:06+00:00","description":"Allgemeine Gesch\u00e4fts-& Vertragsbedingungen, Widerrufsbelehrungen,Datenschutzerkl\u00e4rungen, Anmelde- & R\u00fccktrittsbedingungen","breadcrumb":{"@id":"https:\/\/www.villa-salutis.de\/notfalltraining\/agb\/#breadcrumb"},"inLanguage":"de","potentialAction":[{"@type":"ReadAction","target":["https:\/\/www.villa-salutis.de\/notfalltraining\/agb\/"]}]},{"@type":"BreadcrumbList","@id":"https:\/\/www.villa-salutis.de\/notfalltraining\/agb\/#breadcrumb","itemListElement":[{"@type":"ListItem","position":1,"name":"Startseite","item":"https:\/\/www.villa-salutis.de\/notfalltraining\/"},{"@type":"ListItem","position":2,"name":"AGB"}]},{"@type":"WebSite","@id":"https:\/\/www.villa-salutis.de\/notfalltraining\/#website","url":"https:\/\/www.villa-salutis.de\/notfalltraining\/","name":"Notfalltraining Villa Salutis","description":"Seminar Notfallmedizin","potentialAction":[{"@type":"SearchAction","target":{"@type":"EntryPoint","urlTemplate":"https:\/\/www.villa-salutis.de\/notfalltraining\/?s={search_term_string}"},"query-input":{"@type":"PropertyValueSpecification","valueRequired":true,"valueName":"search_term_string"}}],"inLanguage":"de"}]}},"_links":{"self":[{"href":"https:\/\/www.villa-salutis.de\/notfalltraining\/wp-json\/wp\/v2\/pages\/1633","targetHints":{"allow":["GET"]}}],"collection":[{"href":"https:\/\/www.villa-salutis.de\/notfalltraining\/wp-json\/wp\/v2\/pages"}],"about":[{"href":"https:\/\/www.villa-salutis.de\/notfalltraining\/wp-json\/wp\/v2\/types\/page"}],"author":[{"embeddable":true,"href":"https:\/\/www.villa-salutis.de\/notfalltraining\/wp-json\/wp\/v2\/users\/3"}],"replies":[{"embeddable":true,"href":"https:\/\/www.villa-salutis.de\/notfalltraining\/wp-json\/wp\/v2\/comments?post=1633"}],"version-history":[{"count":1,"href":"https:\/\/www.villa-salutis.de\/notfalltraining\/wp-json\/wp\/v2\/pages\/1633\/revisions"}],"predecessor-version":[{"id":3993,"href":"https:\/\/www.villa-salutis.de\/notfalltraining\/wp-json\/wp\/v2\/pages\/1633\/revisions\/3993"}],"wp:attachment":[{"href":"https:\/\/www.villa-salutis.de\/notfalltraining\/wp-json\/wp\/v2\/media?parent=1633"}],"curies":[{"name":"wp","href":"https:\/\/api.w.org\/{rel}","templated":true}]}}