{"id":1362,"date":"2016-04-11T17:49:56","date_gmt":"2016-04-11T15:49:56","guid":{"rendered":"https:\/\/www.villa-salutis.de\/notfallt\/web\/?page_id=1362"},"modified":"2023-01-17T10:20:39","modified_gmt":"2023-01-17T09:20:39","slug":"anmeldung","status":"publish","type":"page","link":"https:\/\/www.villa-salutis.de\/notfalltraining\/anmeldung\/","title":{"rendered":"Anmeldung"},"content":{"rendered":"<p><div class=\"fusion-fullwidth fullwidth-box fusion-builder-row-1 nonhundred-percent-fullwidth non-hundred-percent-height-scrolling\" style=\"--awb-background-position:left top;--awb-border-sizes-top:0px;--awb-border-sizes-bottom:0px;--awb-border-sizes-left:0px;--awb-border-sizes-right:0px;--awb-border-radius-top-left:0px;--awb-border-radius-top-right:0px;--awb-border-radius-bottom-right:0px;--awb-border-radius-bottom-left:0px;--awb-padding-top:20px;--awb-padding-bottom:20px;--awb-flex-wrap:wrap;\" ><div class=\"fusion-builder-row fusion-row\"><div class=\"fusion-layout-column fusion_builder_column fusion-builder-column-0 fusion_builder_column_1_1 1_1 fusion-one-full fusion-column-first fusion-column-last fusion-column-no-min-height\" style=\"--awb-bg-size:cover;--awb-margin-bottom:0px;\"><div class=\"fusion-column-wrapper fusion-flex-column-wrapper-legacy\"><div class=\"fusion-sep-clear\"><\/div><div class=\"fusion-separator fusion-full-width-sep\" style=\"margin-left: auto;margin-right: auto;width:100%;\"><\/div><div class=\"fusion-sep-clear\"><\/div><div class=\"fusion-clearfix\"><\/div><\/div><\/div><\/div><\/div><div class=\"fusion-fullwidth fullwidth-box fusion-builder-row-2 hundred-percent-fullwidth non-hundred-percent-height-scrolling\" style=\"--awb-border-radius-top-left:0px;--awb-border-radius-top-right:0px;--awb-border-radius-bottom-right:0px;--awb-border-radius-bottom-left:0px;--awb-overflow:visible;--awb-flex-wrap:wrap;\" ><div class=\"fusion-builder-row fusion-row\"><div class=\"fusion-layout-column fusion_builder_column fusion-builder-column-1 fusion_builder_column_1_2 1_2 fusion-one-half fusion-column-first\" style=\"--awb-bg-size:cover;width:48%; margin-right: 4%;\"><div class=\"fusion-column-wrapper fusion-flex-column-wrapper-legacy\"><div class=\"fusion-title title fusion-title-1 fusion-title-text fusion-title-size-one\" style=\"--awb-margin-top-small:10px;--awb-margin-right-small:0px;--awb-margin-bottom-small:10px;--awb-margin-left-small:0px;\"><h1 class=\"fusion-title-heading title-heading-left fusion-responsive-typography-calculated\" style=\"margin:0;--fontSize:34;line-height:1.41;\"><span style=\"color: #ff0000;\">Anmeldung<\/span> Seminar Notfallmedizin<\/h1><span class=\"awb-title-spacer\"><\/span><div class=\"title-sep-container\"><div class=\"title-sep sep-single sep-solid\" style=\"border-color:#e0dede;\"><\/div><\/div><\/div><div class=\"fusion-text fusion-text-1\"><p>Wir bieten auch f\u00fcr Ihre Praxis oder Ihre Firma In-House-Seminare an. Bitte kontaktieren Sie uns dazu \u00fcber unser <strong><a href=\"https:\/\/www.villa-salutis.de\/notfalltraining\/kontakt\/\">Kontaktformular<\/a> <\/strong>und wir erstellen Ihnen ein individuelles Angebot.<\/p>\n<\/div>\n<div class=\"wpcf7 no-js\" id=\"wpcf7-f3698-o1\" lang=\"de-DE\" dir=\"ltr\" data-wpcf7-id=\"3698\">\n<div class=\"screen-reader-response\"><p role=\"status\" aria-live=\"polite\" aria-atomic=\"true\"><\/p> <ul><\/ul><\/div>\n<form action=\"\/notfalltraining\/wp-json\/wp\/v2\/pages\/1362#wpcf7-f3698-o1\" method=\"post\" class=\"wpcf7-form init wpcf7-acceptance-as-validation\" aria-label=\"Kontaktformular\" novalidate=\"novalidate\" data-status=\"init\">\n<fieldset class=\"hidden-fields-container\"><input type=\"hidden\" name=\"_wpcf7\" value=\"3698\" \/><input type=\"hidden\" name=\"_wpcf7_version\" value=\"6.1.5\" \/><input type=\"hidden\" name=\"_wpcf7_locale\" value=\"de_DE\" \/><input type=\"hidden\" name=\"_wpcf7_unit_tag\" value=\"wpcf7-f3698-o1\" \/><input type=\"hidden\" name=\"_wpcf7_container_post\" value=\"0\" \/><input type=\"hidden\" name=\"_wpcf7_posted_data_hash\" value=\"\" \/>\n<\/fieldset>\n<p>Name (Pflichtfeld)\n<\/p>\n<p><span class=\"wpcf7-form-control-wrap\" data-name=\"your-name\"><input size=\"40\" maxlength=\"400\" class=\"wpcf7-form-control wpcf7-text wpcf7-validates-as-required\" aria-required=\"true\" aria-invalid=\"false\" value=\"\" type=\"text\" name=\"your-name\" \/><\/span>\n<\/p>\n<p>Firma\/Praxis\/\u00c4rztekammer (Pflichtfeld)\n<\/p>\n<p><span class=\"wpcf7-form-control-wrap\" data-name=\"your-firm\"><input size=\"40\" maxlength=\"400\" class=\"wpcf7-form-control wpcf7-text wpcf7-validates-as-required\" aria-required=\"true\" aria-invalid=\"false\" value=\"\" type=\"text\" name=\"your-firm\" \/><\/span>\n<\/p>\n<p>Stra\u00dfe und Haus-Nr. (Pflichtfeld)\n<\/p>\n<p><span class=\"wpcf7-form-control-wrap\" data-name=\"your-street\"><input size=\"40\" maxlength=\"400\" class=\"wpcf7-form-control wpcf7-text wpcf7-validates-as-required\" aria-required=\"true\" aria-invalid=\"false\" value=\"\" type=\"text\" name=\"your-street\" \/><\/span>\n<\/p>\n<p>PLZ und Ort (Pflichtfeld)\n<\/p>\n<p><span class=\"wpcf7-form-control-wrap\" data-name=\"your-city\"><input size=\"40\" maxlength=\"400\" class=\"wpcf7-form-control wpcf7-text wpcf7-validates-as-required\" aria-required=\"true\" aria-invalid=\"false\" value=\"\" type=\"text\" name=\"your-city\" \/><\/span>\n<\/p>\n<p>E-Mail-Adresse (Pflichtfeld)\n<\/p>\n<p><span class=\"wpcf7-form-control-wrap\" data-name=\"your-email\"><input size=\"40\" maxlength=\"400\" class=\"wpcf7-form-control wpcf7-email wpcf7-validates-as-required wpcf7-text wpcf7-validates-as-email\" aria-required=\"true\" aria-invalid=\"false\" value=\"\" type=\"email\" name=\"your-email\" \/><\/span>\n<\/p>\n<p>Fachrichtung (Pflichtfeld)\n<\/p>\n<p><span class=\"wpcf7-form-control-wrap\" data-name=\"your-fach\"><input size=\"40\" maxlength=\"400\" class=\"wpcf7-form-control wpcf7-text wpcf7-validates-as-required\" aria-required=\"true\" aria-invalid=\"false\" value=\"\" type=\"text\" name=\"your-fach\" \/><\/span>\n<\/p>\n<p align=\"left\">\n\t<font color=\"#ff0000\"><b>Ich m\u00f6chte mich bei Ihnen zu folgendem Seminar anmelden:<\/b>\n\t<\/font>\n<\/p>\n<p><span class=\"wpcf7-form-control-wrap\" data-name=\"termin\"><span class=\"wpcf7-form-control wpcf7-radio\"><span class=\"wpcf7-list-item first last\"><input type=\"radio\" name=\"termin\" value=\"25.11.2023 Tagesseminar Notfallmedizin f\u00fcr \u00c4rzte. Fortbildungsgeb\u00fchr 499,- \u20ac inkl. Catering Getr\u00e4nke und Skripte (Anmeldeschluss 31.10.2023)\" checked=\"checked\" \/><span class=\"wpcf7-list-item-label\">25.11.2023 Tagesseminar Notfallmedizin f\u00fcr \u00c4rzte. Fortbildungsgeb\u00fchr 499,- \u20ac inkl. Catering Getr\u00e4nke und Skripte (Anmeldeschluss 31.10.2023)<\/span><\/span><\/span><\/span><span class=\"wpcf7-form-control-wrap\" data-name=\"termin\"><span class=\"wpcf7-form-control wpcf7-radio\"><span class=\"wpcf7-list-item first last\"><input type=\"radio\" name=\"termin\" value=\"Auf Anfrage Tagesseminar Notfallmedizin f\u00fcr Praxen (mind. 8 Personen)\" \/><span class=\"wpcf7-list-item-label\">Auf Anfrage Tagesseminar Notfallmedizin f\u00fcr Praxen (mind. 8 Personen)<\/span><\/span><\/span><\/span><span class=\"wpcf7-form-control-wrap\" data-name=\"termin\"><span class=\"wpcf7-form-control wpcf7-radio\"><span class=\"wpcf7-list-item first last\"><input type=\"radio\" name=\"termin\" value=\"Auf Anfrage Tagesseminar Notfallmedizin f\u00fcr \u00c4rzte\" \/><span class=\"wpcf7-list-item-label\">Auf Anfrage Tagesseminar Notfallmedizin f\u00fcr \u00c4rzte<\/span><\/span><\/span><\/span>\n<\/p>\n<p align=\"left\">\n\t<font color=\"#ff0000\"><b>Kommentar<\/b>\n\t<\/font>\n<\/p>\n<p>Hier k\u00f6nnen Sie uns noch weitere Informationen zu Ihrer Anmeldung hinterlassen\n<\/p>\n<p><span class=\"wpcf7-form-control-wrap\" data-name=\"Kommentar\"><input size=\"40\" maxlength=\"400\" class=\"wpcf7-form-control wpcf7-text\" aria-invalid=\"false\" value=\"\" type=\"text\" name=\"Kommentar\" \/><\/span>\n<\/p>\n<p align=\"left\">\n\t<font color=\"#ff0000\"><b>Informationen zur Bezahlung<\/b>\n\t<\/font>\n<\/p>\n<p>Die Bezahlung erfolgt per Vorkasse. Die Bankverbindung erhalten Sie mit der Empfangsbest\u00e4tigung. Nach Zahlungseingang erhalten Sie die Anmeldebest\u00e4tigung. Im Seminarpreis sind Zertifikate, Skripte und Getr\u00e4nke (nicht bei In-House) enthalten.\n<\/p>\n<p align=\"left\">\n\t<font color=\"#ff0000\"><b>Ich habe die <a href=\"https:\/\/www.villa-salutis.de\/notfalltraining\/agb\/\" target=_blank>AGB<\/a> gelesen<\/b>\n\t<\/font>\n<\/p>\n<p><span class=\"wpcf7-form-control-wrap\" data-name=\"AGBS\"><span class=\"wpcf7-form-control wpcf7-checkbox wpcf7-validates-as-required\"><span class=\"wpcf7-list-item first last\"><input type=\"checkbox\" name=\"AGBS[]\" value=\"AGB gelesen\" \/><span class=\"wpcf7-list-item-label\">AGB gelesen<\/span><\/span><\/span><\/span>\n<\/p>\n<p align=\"left\">\n\t<font color=\"#ff0000\"><b>Datenschutz<\/b>\n\t<\/font>\n<\/p>\n<p align=\"left\"><span class=\"wpcf7-form-control-wrap\" data-name=\"accept-thi-1\"><span class=\"wpcf7-form-control wpcf7-acceptance\"><span class=\"wpcf7-list-item\"><label><input type=\"checkbox\" name=\"accept-thi-1\" value=\"1\" aria-invalid=\"false\" \/><span class=\"wpcf7-list-item-label\">Ich habe die <a href=\"https:\/\/www.villa-salutis.de\/notfalltraining\/datenschutzerklaerung\/\">Datenschutzerkl\u00e4rung<\/a> zur Kenntnis genommen. Ich stimme einer elektronischen Speicherung und Verarbeitung meiner eingegebenen Daten zur Beantwortung meiner Anfrage zu.\nHinweis: Die Einwilligung kann jederzeit f\u00fcr die Zukunft per E-Mail an info@villa-salutis.de widerrufen werden.<\/span><\/label><\/span><\/span><\/span>\n<\/p>\n<p><input class=\"wpcf7-form-control wpcf7-submit has-spinner\" type=\"submit\" value=\"Senden\" \/>\n<\/p><div class=\"fusion-alert alert custom alert-custom fusion-alert-center wpcf7-response-output awb-alert-native-link-color alert-dismissable awb-alert-close-boxed\" style=\"--awb-border-top-left-radius:0px;--awb-border-top-right-radius:0px;--awb-border-bottom-left-radius:0px;--awb-border-bottom-right-radius:0px;\" role=\"alert\"><div class=\"fusion-alert-content-wrapper\"><span class=\"fusion-alert-content\"><\/span><\/div><button type=\"button\" class=\"close toggle-alert\" data-dismiss=\"alert\" aria-label=\"Close\">&times;<\/button><\/div>\n<\/form>\n<\/div>\n<div class=\"fusion-clearfix\"><\/div><\/div><\/div><div class=\"fusion-layout-column fusion_builder_column fusion-builder-column-2 fusion_builder_column_1_2 1_2 fusion-one-half fusion-column-last\" style=\"--awb-bg-size:cover;width:48%;\"><div class=\"fusion-column-wrapper fusion-flex-column-wrapper-legacy\"><div class=\"fusion-image-element fusion-image-align-center in-legacy-container\" style=\"text-align:center;--awb-caption-title-font-family:var(--h2_typography-font-family);--awb-caption-title-font-weight:var(--h2_typography-font-weight);--awb-caption-title-font-style:var(--h2_typography-font-style);--awb-caption-title-size:var(--h2_typography-font-size);--awb-caption-title-transform:var(--h2_typography-text-transform);--awb-caption-title-line-height:var(--h2_typography-line-height);--awb-caption-title-letter-spacing:var(--h2_typography-letter-spacing);\"><div class=\"imageframe-align-center\"><span class=\" fusion-imageframe imageframe-none imageframe-1 hover-type-none\"><a class=\"fusion-no-lightbox\" href=\"https:\/\/www.villa-salutis.de\/notfalltraining\/wp-content\/uploads\/sites\/4\/2019\/06\/vs_notfall_web.pdf\" target=\"_blank\" rel=\"noopener noreferrer\"><img decoding=\"async\" alt=\"Flyer Notfall-Training\" src=\"https:\/\/www.villa-salutis.de\/notfalltr\/wp-content\/uploads\/sites\/4\/2019\/06\/flyervorschau.jpg\" class=\"img-responsive\"\/><\/a><\/span><\/div><\/div><div class=\"fusion-text fusion-text-2\"><p style=\"text-align: center;\"><a href=\"https:\/\/www.villa-salutis.de\/notfalltraining\/wp-content\/uploads\/sites\/4\/2019\/06\/vs_notfall_web.pdf\" target=\"_blank\" rel=\"noopener noreferrer\">Download Flyer<\/a><\/p>\n<\/div><div class=\"fusion-clearfix\"><\/div><\/div><\/div><\/div><\/div><\/p>\n","protected":false},"excerpt":{"rendered":"","protected":false},"author":3,"featured_media":0,"parent":0,"menu_order":0,"comment_status":"closed","ping_status":"closed","template":"","meta":{"footnotes":""},"class_list":["post-1362","page","type-page","status-publish","hentry"],"yoast_head":"<!-- This site is optimized with the Yoast SEO Premium plugin v27.3 (Yoast SEO v27.3) - https:\/\/yoast.com\/product\/yoast-seo-premium-wordpress\/ -->\n<title>Anmeldung Ausbildung\/Seminare Notfalltraining Villa Salutis Krefeld<\/title>\n<meta name=\"description\" content=\"Ausbildung Notfalltraining f\u00fcr \u00c4rzte und Praxen\/Praxisteams, Krefeld NRW\" \/>\n<meta name=\"robots\" content=\"index, follow, max-snippet:-1, max-image-preview:large, max-video-preview:-1\" \/>\n<link rel=\"canonical\" href=\"https:\/\/www.villa-salutis.de\/notfalltraining\/anmeldung\/\" \/>\n<meta property=\"og:locale\" content=\"de_DE\" \/>\n<meta property=\"og:type\" content=\"article\" \/>\n<meta property=\"og:title\" content=\"Anmeldung\" \/>\n<meta property=\"og:description\" content=\"Ausbildung Notfalltraining f\u00fcr \u00c4rzte und Praxen\/Praxisteams, Krefeld NRW\" \/>\n<meta property=\"og:url\" content=\"https:\/\/www.villa-salutis.de\/notfalltraining\/anmeldung\/\" \/>\n<meta property=\"og:site_name\" content=\"Notfalltraining Villa Salutis\" \/>\n<meta property=\"article:modified_time\" content=\"2023-01-17T09:20:39+00:00\" \/>\n<meta property=\"og:image\" content=\"https:\/\/www.villa-salutis.de\/notfalltr\/wp-content\/uploads\/sites\/4\/2019\/06\/flyervorschau.jpg\" \/>\n<meta name=\"twitter:card\" content=\"summary_large_image\" \/>\n<meta name=\"twitter:label1\" content=\"Gesch\u00e4tzte Lesezeit\" \/>\n\t<meta name=\"twitter:data1\" content=\"2\u00a0Minuten\" \/>\n<script type=\"application\/ld+json\" class=\"yoast-schema-graph\">{\"@context\":\"https:\\\/\\\/schema.org\",\"@graph\":[{\"@type\":\"WebPage\",\"@id\":\"https:\\\/\\\/www.villa-salutis.de\\\/notfalltraining\\\/anmeldung\\\/\",\"url\":\"https:\\\/\\\/www.villa-salutis.de\\\/notfalltraining\\\/anmeldung\\\/\",\"name\":\"Anmeldung Ausbildung\\\/Seminare Notfalltraining Villa Salutis Krefeld\",\"isPartOf\":{\"@id\":\"https:\\\/\\\/www.villa-salutis.de\\\/notfalltraining\\\/#website\"},\"primaryImageOfPage\":{\"@id\":\"https:\\\/\\\/www.villa-salutis.de\\\/notfalltraining\\\/anmeldung\\\/#primaryimage\"},\"image\":{\"@id\":\"https:\\\/\\\/www.villa-salutis.de\\\/notfalltraining\\\/anmeldung\\\/#primaryimage\"},\"thumbnailUrl\":\"https:\\\/\\\/www.villa-salutis.de\\\/notfalltr\\\/wp-content\\\/uploads\\\/sites\\\/4\\\/2019\\\/06\\\/flyervorschau.jpg\",\"datePublished\":\"2016-04-11T15:49:56+00:00\",\"dateModified\":\"2023-01-17T09:20:39+00:00\",\"description\":\"Ausbildung Notfalltraining f\u00fcr \u00c4rzte und Praxen\\\/Praxisteams, Krefeld NRW\",\"breadcrumb\":{\"@id\":\"https:\\\/\\\/www.villa-salutis.de\\\/notfalltraining\\\/anmeldung\\\/#breadcrumb\"},\"inLanguage\":\"de\",\"potentialAction\":[{\"@type\":\"ReadAction\",\"target\":[\"https:\\\/\\\/www.villa-salutis.de\\\/notfalltraining\\\/anmeldung\\\/\"]}]},{\"@type\":\"ImageObject\",\"inLanguage\":\"de\",\"@id\":\"https:\\\/\\\/www.villa-salutis.de\\\/notfalltraining\\\/anmeldung\\\/#primaryimage\",\"url\":\"https:\\\/\\\/www.villa-salutis.de\\\/notfalltr\\\/wp-content\\\/uploads\\\/sites\\\/4\\\/2019\\\/06\\\/flyervorschau.jpg\",\"contentUrl\":\"https:\\\/\\\/www.villa-salutis.de\\\/notfalltr\\\/wp-content\\\/uploads\\\/sites\\\/4\\\/2019\\\/06\\\/flyervorschau.jpg\"},{\"@type\":\"BreadcrumbList\",\"@id\":\"https:\\\/\\\/www.villa-salutis.de\\\/notfalltraining\\\/anmeldung\\\/#breadcrumb\",\"itemListElement\":[{\"@type\":\"ListItem\",\"position\":1,\"name\":\"Startseite\",\"item\":\"https:\\\/\\\/www.villa-salutis.de\\\/notfalltraining\\\/\"},{\"@type\":\"ListItem\",\"position\":2,\"name\":\"Anmeldung\"}]},{\"@type\":\"WebSite\",\"@id\":\"https:\\\/\\\/www.villa-salutis.de\\\/notfalltraining\\\/#website\",\"url\":\"https:\\\/\\\/www.villa-salutis.de\\\/notfalltraining\\\/\",\"name\":\"Notfalltraining Villa Salutis\",\"description\":\"Seminar Notfallmedizin\",\"potentialAction\":[{\"@type\":\"SearchAction\",\"target\":{\"@type\":\"EntryPoint\",\"urlTemplate\":\"https:\\\/\\\/www.villa-salutis.de\\\/notfalltraining\\\/?s={search_term_string}\"},\"query-input\":{\"@type\":\"PropertyValueSpecification\",\"valueRequired\":true,\"valueName\":\"search_term_string\"}}],\"inLanguage\":\"de\"}]}<\/script>\n<!-- \/ Yoast SEO Premium plugin. -->","yoast_head_json":{"title":"Anmeldung Ausbildung\/Seminare Notfalltraining Villa Salutis Krefeld","description":"Ausbildung Notfalltraining f\u00fcr \u00c4rzte und Praxen\/Praxisteams, Krefeld NRW","robots":{"index":"index","follow":"follow","max-snippet":"max-snippet:-1","max-image-preview":"max-image-preview:large","max-video-preview":"max-video-preview:-1"},"canonical":"https:\/\/www.villa-salutis.de\/notfalltraining\/anmeldung\/","og_locale":"de_DE","og_type":"article","og_title":"Anmeldung","og_description":"Ausbildung Notfalltraining f\u00fcr \u00c4rzte und Praxen\/Praxisteams, Krefeld NRW","og_url":"https:\/\/www.villa-salutis.de\/notfalltraining\/anmeldung\/","og_site_name":"Notfalltraining Villa Salutis","article_modified_time":"2023-01-17T09:20:39+00:00","og_image":[{"url":"https:\/\/www.villa-salutis.de\/notfalltr\/wp-content\/uploads\/sites\/4\/2019\/06\/flyervorschau.jpg","type":"","width":"","height":""}],"twitter_card":"summary_large_image","twitter_misc":{"Gesch\u00e4tzte Lesezeit":"2\u00a0Minuten"},"schema":{"@context":"https:\/\/schema.org","@graph":[{"@type":"WebPage","@id":"https:\/\/www.villa-salutis.de\/notfalltraining\/anmeldung\/","url":"https:\/\/www.villa-salutis.de\/notfalltraining\/anmeldung\/","name":"Anmeldung Ausbildung\/Seminare Notfalltraining Villa Salutis Krefeld","isPartOf":{"@id":"https:\/\/www.villa-salutis.de\/notfalltraining\/#website"},"primaryImageOfPage":{"@id":"https:\/\/www.villa-salutis.de\/notfalltraining\/anmeldung\/#primaryimage"},"image":{"@id":"https:\/\/www.villa-salutis.de\/notfalltraining\/anmeldung\/#primaryimage"},"thumbnailUrl":"https:\/\/www.villa-salutis.de\/notfalltr\/wp-content\/uploads\/sites\/4\/2019\/06\/flyervorschau.jpg","datePublished":"2016-04-11T15:49:56+00:00","dateModified":"2023-01-17T09:20:39+00:00","description":"Ausbildung Notfalltraining f\u00fcr \u00c4rzte und Praxen\/Praxisteams, Krefeld NRW","breadcrumb":{"@id":"https:\/\/www.villa-salutis.de\/notfalltraining\/anmeldung\/#breadcrumb"},"inLanguage":"de","potentialAction":[{"@type":"ReadAction","target":["https:\/\/www.villa-salutis.de\/notfalltraining\/anmeldung\/"]}]},{"@type":"ImageObject","inLanguage":"de","@id":"https:\/\/www.villa-salutis.de\/notfalltraining\/anmeldung\/#primaryimage","url":"https:\/\/www.villa-salutis.de\/notfalltr\/wp-content\/uploads\/sites\/4\/2019\/06\/flyervorschau.jpg","contentUrl":"https:\/\/www.villa-salutis.de\/notfalltr\/wp-content\/uploads\/sites\/4\/2019\/06\/flyervorschau.jpg"},{"@type":"BreadcrumbList","@id":"https:\/\/www.villa-salutis.de\/notfalltraining\/anmeldung\/#breadcrumb","itemListElement":[{"@type":"ListItem","position":1,"name":"Startseite","item":"https:\/\/www.villa-salutis.de\/notfalltraining\/"},{"@type":"ListItem","position":2,"name":"Anmeldung"}]},{"@type":"WebSite","@id":"https:\/\/www.villa-salutis.de\/notfalltraining\/#website","url":"https:\/\/www.villa-salutis.de\/notfalltraining\/","name":"Notfalltraining Villa Salutis","description":"Seminar Notfallmedizin","potentialAction":[{"@type":"SearchAction","target":{"@type":"EntryPoint","urlTemplate":"https:\/\/www.villa-salutis.de\/notfalltraining\/?s={search_term_string}"},"query-input":{"@type":"PropertyValueSpecification","valueRequired":true,"valueName":"search_term_string"}}],"inLanguage":"de"}]}},"_links":{"self":[{"href":"https:\/\/www.villa-salutis.de\/notfalltraining\/wp-json\/wp\/v2\/pages\/1362","targetHints":{"allow":["GET"]}}],"collection":[{"href":"https:\/\/www.villa-salutis.de\/notfalltraining\/wp-json\/wp\/v2\/pages"}],"about":[{"href":"https:\/\/www.villa-salutis.de\/notfalltraining\/wp-json\/wp\/v2\/types\/page"}],"author":[{"embeddable":true,"href":"https:\/\/www.villa-salutis.de\/notfalltraining\/wp-json\/wp\/v2\/users\/3"}],"replies":[{"embeddable":true,"href":"https:\/\/www.villa-salutis.de\/notfalltraining\/wp-json\/wp\/v2\/comments?post=1362"}],"version-history":[{"count":2,"href":"https:\/\/www.villa-salutis.de\/notfalltraining\/wp-json\/wp\/v2\/pages\/1362\/revisions"}],"predecessor-version":[{"id":4005,"href":"https:\/\/www.villa-salutis.de\/notfalltraining\/wp-json\/wp\/v2\/pages\/1362\/revisions\/4005"}],"wp:attachment":[{"href":"https:\/\/www.villa-salutis.de\/notfalltraining\/wp-json\/wp\/v2\/media?parent=1362"}],"curies":[{"name":"wp","href":"https:\/\/api.w.org\/{rel}","templated":true}]}}