{"id":1163,"date":"2016-02-21T14:12:03","date_gmt":"2016-02-21T13:12:03","guid":{"rendered":"https:\/\/www.villa-salutis.de\/notfallt\/web\/?page_id=1163"},"modified":"2025-07-18T21:58:45","modified_gmt":"2025-07-18T19:58:45","slug":"impressum","status":"publish","type":"page","link":"https:\/\/www.villa-salutis.de\/notfalltraining\/impressum\/","title":{"rendered":"Impressum"},"content":{"rendered":"<p><div class=\"fusion-fullwidth fullwidth-box fusion-builder-row-1 nonhundred-percent-fullwidth non-hundred-percent-height-scrolling\" style=\"--awb-background-position:left top;--awb-border-sizes-top:0px;--awb-border-sizes-bottom:0px;--awb-border-sizes-left:0px;--awb-border-sizes-right:0px;--awb-border-radius-top-left:0px;--awb-border-radius-top-right:0px;--awb-border-radius-bottom-right:0px;--awb-border-radius-bottom-left:0px;--awb-padding-top:20px;--awb-padding-right:0px;--awb-padding-bottom:20px;--awb-padding-left:0px;--awb-flex-wrap:wrap;\" ><div class=\"fusion-builder-row fusion-row\"><div class=\"fusion-layout-column fusion_builder_column fusion-builder-column-0 fusion_builder_column_1_2 1_2 fusion-one-half fusion-column-first\" style=\"--awb-bg-size:cover;width:48%; margin-right: 4%;\"><div class=\"fusion-column-wrapper fusion-flex-column-wrapper-legacy\"><div class=\"fusion-title title fusion-title-1 fusion-title-text fusion-title-size-one\" style=\"--awb-margin-top-small:10px;--awb-margin-right-small:0px;--awb-margin-bottom-small:10px;--awb-margin-left-small:0px;\"><h1 class=\"fusion-title-heading title-heading-left fusion-responsive-typography-calculated\" style=\"margin:0;--fontSize:34;line-height:1.41;\">Impressum<\/h1><span class=\"awb-title-spacer\"><\/span><div class=\"title-sep-container\"><div class=\"title-sep sep-single sep-solid\" style=\"border-color:#e0dede;\"><\/div><\/div><\/div><div class=\"fusion-text fusion-text-1\"><p><strong>Villa-Salutis\u00ae<br \/>\n<\/strong><strong>Inhaber<\/strong><br \/>\nAnna Strathaus<br \/>\nWilhelmshofallee 77<br \/>\nD-47800 Krefeld<\/p>\n<p>Fon: 02151-451092<br \/>\nFax: 02151-451093<br \/>\nE-Mail: <a href=\"mailto:info@villa-salutis.de\">info@villa-salutis.de<\/a><\/p>\n<p><strong>Veranstalter und \u00c4rztliche Leitung:<\/strong><br \/>\nDr. med. Christian Smits<br \/>\nFacharzt f\u00fcr An\u00e4sthesiologie und Notfallmedizin<br \/>\nBromeledonk 40<br \/>\nD-47809 Krefeld<\/p>\n<p>Fon: 0163-2703007<br \/>\nE-Mail: <a href=\"mailto:dr.med.christian.smits@gmail.com\">dr.med.christian.smits@gmail.com<\/a><br \/>\n<a href=\"https:\/\/www.villa-salutis.de\/notfalltraining\">www.villa-salutis.de\/notfalltraining<\/a><\/p>\n<p>Gesetzliche Berufsbezeichnung: Arzt<br \/>\nBerufsbezeichnung verliehen in der Bundesrepublik Deutschland<\/p>\n<p><strong>Zust\u00e4ndige \u00c4rztekammer:<\/strong><br \/>\n\u00c4rztekammer Nordrhein \u2013 Hauptstelle D\u00fcsseldorf<br \/>\nTersteegenstr. 9<br \/>\n40474 D\u00fcsseldorf<\/p>\n<p>Telefon: (0049) 0211\/4 30 20<br \/>\nFax: (0049) 0211\/4302 2009<br \/>\nE-Mail: <a class=\"a1\" href=\"mailto:aerztekammer@aekno.de\">aerztekammer@aekno.de<\/a><br \/>\nKassen\u00e4rztliche Vereinigung Nordrhein: NRW ,\u00a0<a class=\"a1\" href=\"http:\/\/www.kvno.de\/\">www.kvno.de<\/a><\/p>\n<p><strong>Berufsordnung<\/strong>:<br \/>\nDie berufsrechtlichen Regelungen sind \u00fcber die Internetseiten der \u00c4rztekammer Nordrhein zug\u00e4nglich. Der direkte Link lautet:<br \/>\n<a href=\"http:\/\/www.aekno.de\">www.aekno.de<\/a><\/p>\n<\/div><div class=\"fusion-clearfix\"><\/div><\/div><\/div><div class=\"fusion-layout-column fusion_builder_column fusion-builder-column-1 fusion_builder_column_1_2 1_2 fusion-one-half fusion-column-last\" style=\"--awb-bg-size:cover;width:48%;\"><div class=\"fusion-column-wrapper fusion-flex-column-wrapper-legacy\"><div class=\"fusion-image-element in-legacy-container\" style=\"--awb-caption-title-font-family:var(--h2_typography-font-family);--awb-caption-title-font-weight:var(--h2_typography-font-weight);--awb-caption-title-font-style:var(--h2_typography-font-style);--awb-caption-title-size:var(--h2_typography-font-size);--awb-caption-title-transform:var(--h2_typography-text-transform);--awb-caption-title-line-height:var(--h2_typography-line-height);--awb-caption-title-letter-spacing:var(--h2_typography-letter-spacing);\"><span class=\" fusion-imageframe imageframe-none imageframe-1 hover-type-none\"><img decoding=\"async\" width=\"520\" height=\"825\" alt=\"Villa Salutis\" title=\"Villa Salutis\" src=\"https:\/\/www.villa-salutis.de\/notfalltraining\/wp-content\/uploads\/sites\/4\/2019\/06\/haus77.jpeg\" class=\"img-responsive wp-image-3651\" srcset=\"https:\/\/www.villa-salutis.de\/notfalltraining\/wp-content\/uploads\/sites\/4\/2019\/06\/haus77-200x317.jpeg 200w, https:\/\/www.villa-salutis.de\/notfalltraining\/wp-content\/uploads\/sites\/4\/2019\/06\/haus77-400x635.jpeg 400w, https:\/\/www.villa-salutis.de\/notfalltraining\/wp-content\/uploads\/sites\/4\/2019\/06\/haus77.jpeg 520w\" sizes=\"(max-width: 800px) 100vw, 520px\" \/><\/span><\/div><div class=\"fusion-text fusion-text-2\"><h4 style=\"text-align: center;\"><span style=\"color: #71bc00;\"><strong>Wir haben die Stra\u00dfenseite gewechselt!<br \/>\nNeue Adresse Wilhelmshofallee 77<\/strong><\/span><\/h4>\n<\/div><div class=\"fusion-clearfix\"><\/div><\/div><\/div><\/div><\/div><div class=\"fusion-fullwidth fullwidth-box fusion-builder-row-2 hundred-percent-fullwidth non-hundred-percent-height-scrolling\" style=\"--awb-border-radius-top-left:0px;--awb-border-radius-top-right:0px;--awb-border-radius-bottom-right:0px;--awb-border-radius-bottom-left:0px;--awb-overflow:visible;--awb-flex-wrap:wrap;\" ><div class=\"fusion-builder-row fusion-row\"><div class=\"fusion-layout-column fusion_builder_column fusion-builder-column-2 fusion_builder_column_1_1 1_1 fusion-one-full fusion-column-first fusion-column-last\" style=\"--awb-bg-size:cover;\"><div class=\"fusion-column-wrapper fusion-flex-column-wrapper-legacy\"><div class=\"fusion-text fusion-text-3\"><h4><strong><a href=\"https:\/\/www.villa-salutis.de\/notfalltraining\/datenschutzerklaerung\/\">Zur Datenschutzerkl\u00e4rung<\/a><\/strong><\/h4>\n<h4>Inhaltlich Verantwortlich:<\/h4>\n<p>Anna Strathaus<br \/>\nWilhelmshofallee 77<br \/>\nD-47800 Krefeld<\/p>\n<h4 data-fontsize=\"16\" data-lineheight=\"20\">Streitschlichtung<\/h4>\n<p>Wir sind nicht bereit oder verpflichtet, an Streitbeilegungsverfahren vor einer Verbraucherschlichtungsstelle teilzunehmen.<\/p>\n<h4 data-fontsize=\"16\" data-lineheight=\"20\">Urheberrecht<\/h4>\n<p>Die durch die Seitenbetreiber erstellten Inhalte und Werke auf diesen Seiten unterliegen dem deutschen Urheberrecht. Die Vervielf\u00e4ltigung, Bearbeitung, Verbreitung und jede Art der Verwertung au\u00dferhalb der Grenzen des Urheberrechtes bed\u00fcrfen der schriftlichen Zustimmung des jeweiligen Autors bzw. Erstellers. Downloads und Kopien dieser Seite sind nur f\u00fcr den privaten, nicht kommerziellen Gebrauch gestattet.<\/p>\n<p>Soweit die Inhalte auf dieser Seite nicht vom Betreiber erstellt wurden, werden die Urheberrechte Dritter beachtet. Insbesondere werden Inhalte Dritter als solche gekennzeichnet. Sollten Sie trotzdem auf eine Urheberrechtsverletzung aufmerksam werden, bitten wir um einen entsprechenden Hinweis. Bei Bekanntwerden von Rechtsverletzungen werden wir derartige Inhalte umgehend entfernen.<\/p>\n<\/div><div class=\"fusion-clearfix\"><\/div><\/div><\/div><\/div><\/div><\/p>\n","protected":false},"excerpt":{"rendered":"","protected":false},"author":3,"featured_media":0,"parent":0,"menu_order":0,"comment_status":"closed","ping_status":"closed","template":"","meta":{"footnotes":""},"class_list":["post-1163","page","type-page","status-publish","hentry"],"yoast_head":"<!-- This site is optimized with the Yoast SEO Premium plugin v27.3 (Yoast SEO v27.3) - https:\/\/yoast.com\/product\/yoast-seo-premium-wordpress\/ -->\n<title>Impressum - Notfalltraining Villa Salutis<\/title>\n<meta name=\"robots\" content=\"index, follow, max-snippet:-1, max-image-preview:large, max-video-preview:-1\" \/>\n<link rel=\"canonical\" href=\"https:\/\/www.villa-salutis.de\/notfalltraining\/impressum\/\" \/>\n<meta property=\"og:locale\" content=\"de_DE\" \/>\n<meta property=\"og:type\" content=\"article\" \/>\n<meta property=\"og:title\" content=\"Impressum\" \/>\n<meta property=\"og:url\" content=\"https:\/\/www.villa-salutis.de\/notfalltraining\/impressum\/\" \/>\n<meta property=\"og:site_name\" content=\"Notfalltraining Villa Salutis\" \/>\n<meta property=\"article:modified_time\" content=\"2025-07-18T19:58:45+00:00\" \/>\n<meta property=\"og:image\" content=\"https:\/\/www.villa-salutis.de\/notfalltraining\/wp-content\/uploads\/sites\/4\/2019\/06\/haus77.jpeg\" \/>\n\t<meta property=\"og:image:width\" content=\"520\" \/>\n\t<meta property=\"og:image:height\" content=\"825\" \/>\n\t<meta property=\"og:image:type\" content=\"image\/jpeg\" \/>\n<meta name=\"twitter:card\" content=\"summary_large_image\" \/>\n<meta name=\"twitter:label1\" content=\"Gesch\u00e4tzte Lesezeit\" \/>\n\t<meta name=\"twitter:data1\" content=\"2\u00a0Minuten\" \/>\n<script type=\"application\/ld+json\" class=\"yoast-schema-graph\">{\"@context\":\"https:\\\/\\\/schema.org\",\"@graph\":[{\"@type\":\"WebPage\",\"@id\":\"https:\\\/\\\/www.villa-salutis.de\\\/notfalltraining\\\/impressum\\\/\",\"url\":\"https:\\\/\\\/www.villa-salutis.de\\\/notfalltraining\\\/impressum\\\/\",\"name\":\"Impressum - Notfalltraining Villa Salutis\",\"isPartOf\":{\"@id\":\"https:\\\/\\\/www.villa-salutis.de\\\/notfalltraining\\\/#website\"},\"primaryImageOfPage\":{\"@id\":\"https:\\\/\\\/www.villa-salutis.de\\\/notfalltraining\\\/impressum\\\/#primaryimage\"},\"image\":{\"@id\":\"https:\\\/\\\/www.villa-salutis.de\\\/notfalltraining\\\/impressum\\\/#primaryimage\"},\"thumbnailUrl\":\"https:\\\/\\\/www.villa-salutis.de\\\/notfalltraining\\\/wp-content\\\/uploads\\\/sites\\\/4\\\/2019\\\/06\\\/haus77.jpeg\",\"datePublished\":\"2016-02-21T13:12:03+00:00\",\"dateModified\":\"2025-07-18T19:58:45+00:00\",\"breadcrumb\":{\"@id\":\"https:\\\/\\\/www.villa-salutis.de\\\/notfalltraining\\\/impressum\\\/#breadcrumb\"},\"inLanguage\":\"de\",\"potentialAction\":[{\"@type\":\"ReadAction\",\"target\":[\"https:\\\/\\\/www.villa-salutis.de\\\/notfalltraining\\\/impressum\\\/\"]}]},{\"@type\":\"ImageObject\",\"inLanguage\":\"de\",\"@id\":\"https:\\\/\\\/www.villa-salutis.de\\\/notfalltraining\\\/impressum\\\/#primaryimage\",\"url\":\"https:\\\/\\\/www.villa-salutis.de\\\/notfalltraining\\\/wp-content\\\/uploads\\\/sites\\\/4\\\/2019\\\/06\\\/haus77.jpeg\",\"contentUrl\":\"https:\\\/\\\/www.villa-salutis.de\\\/notfalltraining\\\/wp-content\\\/uploads\\\/sites\\\/4\\\/2019\\\/06\\\/haus77.jpeg\",\"width\":520,\"height\":825,\"caption\":\"Villa Salutis\"},{\"@type\":\"BreadcrumbList\",\"@id\":\"https:\\\/\\\/www.villa-salutis.de\\\/notfalltraining\\\/impressum\\\/#breadcrumb\",\"itemListElement\":[{\"@type\":\"ListItem\",\"position\":1,\"name\":\"Startseite\",\"item\":\"https:\\\/\\\/www.villa-salutis.de\\\/notfalltraining\\\/\"},{\"@type\":\"ListItem\",\"position\":2,\"name\":\"Impressum\"}]},{\"@type\":\"WebSite\",\"@id\":\"https:\\\/\\\/www.villa-salutis.de\\\/notfalltraining\\\/#website\",\"url\":\"https:\\\/\\\/www.villa-salutis.de\\\/notfalltraining\\\/\",\"name\":\"Notfalltraining Villa Salutis\",\"description\":\"Seminar Notfallmedizin\",\"potentialAction\":[{\"@type\":\"SearchAction\",\"target\":{\"@type\":\"EntryPoint\",\"urlTemplate\":\"https:\\\/\\\/www.villa-salutis.de\\\/notfalltraining\\\/?s={search_term_string}\"},\"query-input\":{\"@type\":\"PropertyValueSpecification\",\"valueRequired\":true,\"valueName\":\"search_term_string\"}}],\"inLanguage\":\"de\"}]}<\/script>\n<!-- \/ Yoast SEO Premium plugin. -->","yoast_head_json":{"title":"Impressum - Notfalltraining Villa Salutis","robots":{"index":"index","follow":"follow","max-snippet":"max-snippet:-1","max-image-preview":"max-image-preview:large","max-video-preview":"max-video-preview:-1"},"canonical":"https:\/\/www.villa-salutis.de\/notfalltraining\/impressum\/","og_locale":"de_DE","og_type":"article","og_title":"Impressum","og_url":"https:\/\/www.villa-salutis.de\/notfalltraining\/impressum\/","og_site_name":"Notfalltraining Villa Salutis","article_modified_time":"2025-07-18T19:58:45+00:00","og_image":[{"width":520,"height":825,"url":"https:\/\/www.villa-salutis.de\/notfalltraining\/wp-content\/uploads\/sites\/4\/2019\/06\/haus77.jpeg","type":"image\/jpeg"}],"twitter_card":"summary_large_image","twitter_misc":{"Gesch\u00e4tzte Lesezeit":"2\u00a0Minuten"},"schema":{"@context":"https:\/\/schema.org","@graph":[{"@type":"WebPage","@id":"https:\/\/www.villa-salutis.de\/notfalltraining\/impressum\/","url":"https:\/\/www.villa-salutis.de\/notfalltraining\/impressum\/","name":"Impressum - Notfalltraining Villa Salutis","isPartOf":{"@id":"https:\/\/www.villa-salutis.de\/notfalltraining\/#website"},"primaryImageOfPage":{"@id":"https:\/\/www.villa-salutis.de\/notfalltraining\/impressum\/#primaryimage"},"image":{"@id":"https:\/\/www.villa-salutis.de\/notfalltraining\/impressum\/#primaryimage"},"thumbnailUrl":"https:\/\/www.villa-salutis.de\/notfalltraining\/wp-content\/uploads\/sites\/4\/2019\/06\/haus77.jpeg","datePublished":"2016-02-21T13:12:03+00:00","dateModified":"2025-07-18T19:58:45+00:00","breadcrumb":{"@id":"https:\/\/www.villa-salutis.de\/notfalltraining\/impressum\/#breadcrumb"},"inLanguage":"de","potentialAction":[{"@type":"ReadAction","target":["https:\/\/www.villa-salutis.de\/notfalltraining\/impressum\/"]}]},{"@type":"ImageObject","inLanguage":"de","@id":"https:\/\/www.villa-salutis.de\/notfalltraining\/impressum\/#primaryimage","url":"https:\/\/www.villa-salutis.de\/notfalltraining\/wp-content\/uploads\/sites\/4\/2019\/06\/haus77.jpeg","contentUrl":"https:\/\/www.villa-salutis.de\/notfalltraining\/wp-content\/uploads\/sites\/4\/2019\/06\/haus77.jpeg","width":520,"height":825,"caption":"Villa Salutis"},{"@type":"BreadcrumbList","@id":"https:\/\/www.villa-salutis.de\/notfalltraining\/impressum\/#breadcrumb","itemListElement":[{"@type":"ListItem","position":1,"name":"Startseite","item":"https:\/\/www.villa-salutis.de\/notfalltraining\/"},{"@type":"ListItem","position":2,"name":"Impressum"}]},{"@type":"WebSite","@id":"https:\/\/www.villa-salutis.de\/notfalltraining\/#website","url":"https:\/\/www.villa-salutis.de\/notfalltraining\/","name":"Notfalltraining Villa Salutis","description":"Seminar Notfallmedizin","potentialAction":[{"@type":"SearchAction","target":{"@type":"EntryPoint","urlTemplate":"https:\/\/www.villa-salutis.de\/notfalltraining\/?s={search_term_string}"},"query-input":{"@type":"PropertyValueSpecification","valueRequired":true,"valueName":"search_term_string"}}],"inLanguage":"de"}]}},"_links":{"self":[{"href":"https:\/\/www.villa-salutis.de\/notfalltraining\/wp-json\/wp\/v2\/pages\/1163","targetHints":{"allow":["GET"]}}],"collection":[{"href":"https:\/\/www.villa-salutis.de\/notfalltraining\/wp-json\/wp\/v2\/pages"}],"about":[{"href":"https:\/\/www.villa-salutis.de\/notfalltraining\/wp-json\/wp\/v2\/types\/page"}],"author":[{"embeddable":true,"href":"https:\/\/www.villa-salutis.de\/notfalltraining\/wp-json\/wp\/v2\/users\/3"}],"replies":[{"embeddable":true,"href":"https:\/\/www.villa-salutis.de\/notfalltraining\/wp-json\/wp\/v2\/comments?post=1163"}],"version-history":[{"count":7,"href":"https:\/\/www.villa-salutis.de\/notfalltraining\/wp-json\/wp\/v2\/pages\/1163\/revisions"}],"predecessor-version":[{"id":4039,"href":"https:\/\/www.villa-salutis.de\/notfalltraining\/wp-json\/wp\/v2\/pages\/1163\/revisions\/4039"}],"wp:attachment":[{"href":"https:\/\/www.villa-salutis.de\/notfalltraining\/wp-json\/wp\/v2\/media?parent=1163"}],"curies":[{"name":"wp","href":"https:\/\/api.w.org\/{rel}","templated":true}]}}